{"id":77,"date":"2021-02-23T10:04:27","date_gmt":"2021-02-23T09:04:27","guid":{"rendered":"http:\/\/www.fourfromdown.com\/?page_id=77"},"modified":"2021-03-05T14:05:32","modified_gmt":"2021-03-05T13:05:32","slug":"impressum","status":"publish","type":"page","link":"https:\/\/www.fourfromdown.com\/index.php\/impressum\/","title":{"rendered":"Impressum"},"content":{"rendered":"\t\t<div data-elementor-type=\"wp-page\" data-elementor-id=\"77\" class=\"elementor elementor-77\">\n\t\t\t\t\t\t<section class=\"elementor-section elementor-top-section elementor-element elementor-element-378f5fd6 elementor-section-boxed elementor-section-height-default elementor-section-height-default\" data-id=\"378f5fd6\" data-element_type=\"section\">\n\t\t\t\t\t\t<div class=\"elementor-container elementor-column-gap-default\">\n\t\t\t\t\t<div class=\"elementor-column elementor-col-100 elementor-top-column elementor-element elementor-element-7054a1b3\" data-id=\"7054a1b3\" data-element_type=\"column\">\n\t\t\t<div class=\"elementor-widget-wrap elementor-element-populated\">\n\t\t\t\t\t\t<div class=\"elementor-element elementor-element-05a9e90 elementor-widget elementor-widget-heading\" data-id=\"05a9e90\" data-element_type=\"widget\" data-widget_type=\"heading.default\">\n\t\t\t\t<div class=\"elementor-widget-container\">\n\t\t\t\t\t<h5 class=\"elementor-heading-title elementor-size-default\">Angaben gem\u00e4\u00df \u00a7 5 TMG<\/h5>\t\t\t\t<\/div>\n\t\t\t\t<\/div>\n\t\t\t\t<div class=\"elementor-element elementor-element-1978cf1 elementor-widget elementor-widget-text-editor\" data-id=\"1978cf1\" data-element_type=\"widget\" data-widget_type=\"text-editor.default\">\n\t\t\t\t<div class=\"elementor-widget-container\">\n\t\t\t\t\t\t\t\t\t<p style=\"font-size: 16px; font-style: normal; font-weight: 400;\">Four From Down v<span style=\"letter-spacing: 0px;\">ertreten durch<\/span><\/p><p style=\"font-size: 16px; font-style: normal;\"><b>Andreas Trost<\/b><\/p>\n<p style=\"font-size: 16px; font-style: normal; font-weight: 400;\">Starhembergstr. 2<\/p>\n<p style=\"font-size: 16px; font-style: normal; font-weight: 400;\">76661 Philippsburg<\/p>\t\t\t\t\t\t\t\t<\/div>\n\t\t\t\t<\/div>\n\t\t\t\t<div class=\"elementor-element elementor-element-04eb3ac elementor-widget elementor-widget-heading\" data-id=\"04eb3ac\" data-element_type=\"widget\" data-widget_type=\"heading.default\">\n\t\t\t\t<div class=\"elementor-widget-container\">\n\t\t\t\t\t<h5 class=\"elementor-heading-title elementor-size-default\">Kontakt<\/h5>\t\t\t\t<\/div>\n\t\t\t\t<\/div>\n\t\t\t\t<div class=\"elementor-element elementor-element-36bc871 elementor-widget elementor-widget-text-editor\" data-id=\"36bc871\" data-element_type=\"widget\" data-widget_type=\"text-editor.default\">\n\t\t\t\t<div class=\"elementor-widget-container\">\n\t\t\t\t\t\t\t\t\t<p style=\"font-size: 16px; font-style: normal; font-weight: 400;\">Telefon: 015906801183<\/p>\n<p>E-Mail: amtrost(at)web.de<\/p>\t\t\t\t\t\t\t\t<\/div>\n\t\t\t\t<\/div>\n\t\t\t\t<div class=\"elementor-element elementor-element-9bc795b elementor-widget elementor-widget-heading\" data-id=\"9bc795b\" data-element_type=\"widget\" data-widget_type=\"heading.default\">\n\t\t\t\t<div class=\"elementor-widget-container\">\n\t\t\t\t\t<h5 class=\"elementor-heading-title elementor-size-default\">Redaktionell Verantwortlicher<\/h5>\t\t\t\t<\/div>\n\t\t\t\t<\/div>\n\t\t\t\t<div class=\"elementor-element elementor-element-910cd6c elementor-widget elementor-widget-text-editor\" data-id=\"910cd6c\" data-element_type=\"widget\" data-widget_type=\"text-editor.default\">\n\t\t\t\t<div class=\"elementor-widget-container\">\n\t\t\t\t\t\t\t\t\t<p><span style=\"font-style: inherit; font-weight: inherit;\">Andreas Trost<\/span><\/p>\n<p style=\"font-size: 16px; font-style: normal; font-weight: 400;\">Starhembergstr. 2<\/p>\n<p style=\"font-size: 16px; font-style: normal; font-weight: 400;\">76661 Philippsburg<\/p>\t\t\t\t\t\t\t\t<\/div>\n\t\t\t\t<\/div>\n\t\t\t\t<div class=\"elementor-element elementor-element-98d1719 elementor-widget elementor-widget-heading\" data-id=\"98d1719\" data-element_type=\"widget\" data-widget_type=\"heading.default\">\n\t\t\t\t<div class=\"elementor-widget-container\">\n\t\t\t\t\t<h5 class=\"elementor-heading-title elementor-size-default\">Haftung f\u00fcr Inhalte<\/h5>\t\t\t\t<\/div>\n\t\t\t\t<\/div>\n\t\t\t\t<div class=\"elementor-element elementor-element-841aa22 elementor-widget elementor-widget-text-editor\" data-id=\"841aa22\" data-element_type=\"widget\" data-widget_type=\"text-editor.default\">\n\t\t\t\t<div class=\"elementor-widget-container\">\n\t\t\t\t\t\t\t\t\t<p><span style=\"font-size: 1rem;\">Als Dienstanbieter sind wir gem\u00e4\u00df \u00a7 7 Abs.1 TMG f\u00fcr eigene Inhalte auf diesen Seiten nach den allgemeinen Gesetzen verantwortlich. Nach \u00a7\u00a7 8 bis 10 TMG sind wir als Dienstanbieter jedoch nichtverpflichtet, \u00fcbermittelte oder gespeicherte fremde Informationen zu \u00fcberwachen oder nach Umst\u00e4nden zu forschen, die auf eine rechtswidrige T\u00e4tigkeit hinweisen. Verpflichtungen zur Entfernung oder Sperrung der Nutzung von Informationen nach den allgemeinen Gesetzen bleiben hiervon unber\u00fchrt. Eine diesbez\u00fcgliche Haftung ist jedoch erst ab dem Zeitpunkt der Kenntnis einer konkreten Rechtsverletzung m\u00f6glich. Bei Bekanntwerden von entsprechenden Rechtsverletzungen werden wir diese Inhalte umgehend entfernen.<\/span><\/p>\t\t\t\t\t\t\t\t<\/div>\n\t\t\t\t<\/div>\n\t\t\t\t<div class=\"elementor-element elementor-element-20af1e7 elementor-widget elementor-widget-heading\" data-id=\"20af1e7\" data-element_type=\"widget\" data-widget_type=\"heading.default\">\n\t\t\t\t<div class=\"elementor-widget-container\">\n\t\t\t\t\t<h5 class=\"elementor-heading-title elementor-size-default\">Haftung f\u00fcr Links<\/h5>\t\t\t\t<\/div>\n\t\t\t\t<\/div>\n\t\t\t\t<div class=\"elementor-element elementor-element-4d72cb6 elementor-widget elementor-widget-text-editor\" data-id=\"4d72cb6\" data-element_type=\"widget\" data-widget_type=\"text-editor.default\">\n\t\t\t\t<div class=\"elementor-widget-container\">\n\t\t\t\t\t\t\t\t\t<p>Unser Angebot enth\u00e4lt Links zu externen Websites Dritter, auf deren Inhalte wir keinen Einfluss haben. Deshalb k\u00f6nnen wir f\u00fcr diese fremden Inhalte auch keine Gew\u00e4hr \u00fcbernehmen. F\u00fcr die Inhalte der verlinkten Seiten ist stets der jeweilige Anbieter oder Betreiber der Seiten verantwortlich. Die verlinkten Seiten wurden zum Zeitpunkt der Verlinkung auf m\u00f6gliche Rechtsverst\u00f6\u00dfe \u00fcberpr\u00fcft. Rechtswidrige Inhalte waren zum Zeitpunkt der Verlinkung nicht erkennbar.<\/p>\n<p><span style=\"font-style: inherit; font-weight: inherit;\">Eine permanente inhaltliche Kontrolle der verlinkten Seiten ist jedoch ohne konkrete Anhaltspunkte einer Rechtsverletzung nicht zumutbar. Bei Bekanntwerden von Rechtsverletzungen werden wir derartige Linksumgehend entfernen.<\/span><\/p>\t\t\t\t\t\t\t\t<\/div>\n\t\t\t\t<\/div>\n\t\t\t\t<div class=\"elementor-element elementor-element-3ba48d6 elementor-widget elementor-widget-heading\" data-id=\"3ba48d6\" data-element_type=\"widget\" data-widget_type=\"heading.default\">\n\t\t\t\t<div class=\"elementor-widget-container\">\n\t\t\t\t\t<h5 class=\"elementor-heading-title elementor-size-default\">Urheberrecht<\/h5>\t\t\t\t<\/div>\n\t\t\t\t<\/div>\n\t\t\t\t<div class=\"elementor-element elementor-element-e71ebb7 elementor-widget elementor-widget-text-editor\" data-id=\"e71ebb7\" data-element_type=\"widget\" data-widget_type=\"text-editor.default\">\n\t\t\t\t<div class=\"elementor-widget-container\">\n\t\t\t\t\t\t\t\t\t<p>Die durch die Seitenbetreiber erstellten Inhalte und Werke auf diesen Seiten unterliegen dem deutschen Urheberrecht. Die Vervielf\u00e4ltigung, Bearbeitung, Verbreitung und jede Art der Verwertung au\u00dferhalb der Grenzen des Urheberrechtes bed\u00fcrfen der schriftlichen Zustimmung des jeweiligen Autors bzw. Erstellers. Downloads und Kopien dieser Seite sind nur f\u00fcr den privaten, nicht kommerziellen Gebrauch gestattet. Soweit die Inhalte auf dieser Seite nicht vom Betreiber erstellt wurden, werden die Urheberrechte Dritter beachtet. Insbesondere werden Inhalte Dritter als solche gekennzeichnet. Sollten Sie trotzdem auf eine Urheberrechtsverletzung aufmerksam werden, bitten wir um einen entsprechenden Hinweis. Bei Bekanntwerden von Rechtsverletzungen werden wir derartige Inhalte umgehend entfernen.<\/p>\n<p>\u00a0<\/p>\n<p>Quelle: https:\/\/www.e-recht24.de\u00a0\u00a0\u00a0\u00a0\u00a0\u00a0\u00a0\u00a0\u00a0\u00a0\u00a0\u00a0\u00a0\u00a0\u00a0\u00a0\u00a0\u00a0\u00a0\u00a0\u00a0\u00a0\u00a0\u00a0\u00a0\u00a0\u00a0\u00a0\u00a0\u00a0\u00a0\u00a0\u00a0\u00a0\u00a0\u00a0\u00a0\u00a0\u00a0\u00a0\u00a0\u00a0\u00a0\u00a0\u00a0\u00a0\u00a0\u00a0\u00a0\u00a0\u00a0<\/p>\t\t\t\t\t\t\t\t<\/div>\n\t\t\t\t<\/div>\n\t\t\t\t\t<\/div>\n\t\t<\/div>\n\t\t\t\t\t<\/div>\n\t\t<\/section>\n\t\t\t\t<\/div>\n\t\t","protected":false},"excerpt":{"rendered":"<p>Angaben gem\u00e4\u00df \u00a7 5 TMG Four From Down vertreten durch Andreas Trost Starhembergstr. 2 76661 Philippsburg Kontakt Telefon: 015906801183 E-Mail: amtrost(at)web.de Redaktionell Verantwortlicher Andreas Trost Starhembergstr. 2 76661 Philippsburg Haftung f\u00fcr Inhalte Als Dienstanbieter sind wir gem\u00e4\u00df \u00a7 7 Abs.1 TMG f\u00fcr eigene Inhalte auf diesen Seiten nach den allgemeinen Gesetzen verantwortlich. Nach \u00a7\u00a7 8 [&hellip;]<\/p>\n","protected":false},"author":1,"featured_media":0,"parent":0,"menu_order":0,"comment_status":"closed","ping_status":"closed","template":"","meta":{"_uag_custom_page_level_css":"","site-sidebar-layout":"default","site-content-layout":"default","ast-site-content-layout":"default","site-content-style":"default","site-sidebar-style":"default","ast-global-header-display":"","ast-banner-title-visibility":"","ast-main-header-display":"","ast-hfb-above-header-display":"","ast-hfb-below-header-display":"","ast-hfb-mobile-header-display":"","site-post-title":"","ast-breadcrumbs-content":"","ast-featured-img":"","footer-sml-layout":"","ast-disable-related-posts":"","theme-transparent-header-meta":"default","adv-header-id-meta":"","stick-header-meta":"","header-above-stick-meta":"","header-main-stick-meta":"","header-below-stick-meta":"","astra-migrate-meta-layouts":"default","ast-page-background-enabled":"default","ast-page-background-meta":{"desktop":{"background-color":"","background-image":"","background-repeat":"repeat","background-position":"center center","background-size":"auto","background-attachment":"scroll","background-type":"","background-media":"","overlay-type":"","overlay-color":"","overlay-opacity":"","overlay-gradient":""},"tablet":{"background-color":"","background-image":"","background-repeat":"repeat","background-position":"center center","background-size":"auto","background-attachment":"scroll","background-type":"","background-media":"","overlay-type":"","overlay-color":"","overlay-opacity":"","overlay-gradient":""},"mobile":{"background-color":"","background-image":"","background-repeat":"repeat","background-position":"center center","background-size":"auto","background-attachment":"scroll","background-type":"","background-media":"","overlay-type":"","overlay-color":"","overlay-opacity":"","overlay-gradient":""}},"ast-content-background-meta":{"desktop":{"background-color":"var(--ast-global-color-5)","background-image":"","background-repeat":"repeat","background-position":"center center","background-size":"auto","background-attachment":"scroll","background-type":"","background-media":"","overlay-type":"","overlay-color":"","overlay-opacity":"","overlay-gradient":""},"tablet":{"background-color":"var(--ast-global-color-5)","background-image":"","background-repeat":"repeat","background-position":"center center","background-size":"auto","background-attachment":"scroll","background-type":"","background-media":"","overlay-type":"","overlay-color":"","overlay-opacity":"","overlay-gradient":""},"mobile":{"background-color":"var(--ast-global-color-5)","background-image":"","background-repeat":"repeat","background-position":"center center","background-size":"auto","background-attachment":"scroll","background-type":"","background-media":"","overlay-type":"","overlay-color":"","overlay-opacity":"","overlay-gradient":""}},"footnotes":""},"class_list":["post-77","page","type-page","status-publish","hentry"],"yoast_head":"<!-- This site is optimized with the Yoast SEO plugin v27.3 - https:\/\/yoast.com\/product\/yoast-seo-wordpress\/ -->\n<title>Impressum - Four From Down<\/title>\n<meta name=\"robots\" content=\"index, follow, max-snippet:-1, max-image-preview:large, max-video-preview:-1\" \/>\n<link rel=\"canonical\" href=\"https:\/\/www.fourfromdown.com\/index.php\/impressum\/\" \/>\n<meta property=\"og:locale\" content=\"de_DE\" \/>\n<meta property=\"og:type\" content=\"article\" \/>\n<meta property=\"og:title\" content=\"Impressum - Four From Down\" \/>\n<meta property=\"og:description\" content=\"Angaben gem\u00e4\u00df \u00a7 5 TMG Four From Down vertreten durch Andreas Trost Starhembergstr. 2 76661 Philippsburg Kontakt Telefon: 015906801183 E-Mail: amtrost(at)web.de Redaktionell Verantwortlicher Andreas Trost Starhembergstr. 2 76661 Philippsburg Haftung f\u00fcr Inhalte Als Dienstanbieter sind wir gem\u00e4\u00df \u00a7 7 Abs.1 TMG f\u00fcr eigene Inhalte auf diesen Seiten nach den allgemeinen Gesetzen verantwortlich. Nach \u00a7\u00a7 8 [&hellip;]\" \/>\n<meta property=\"og:url\" content=\"https:\/\/www.fourfromdown.com\/index.php\/impressum\/\" \/>\n<meta property=\"og:site_name\" content=\"Four From Down\" \/>\n<meta property=\"article:publisher\" content=\"https:\/\/www.facebook.com\/fourfromdown\" \/>\n<meta property=\"article:modified_time\" content=\"2021-03-05T13:05:32+00:00\" \/>\n<meta name=\"twitter:card\" content=\"summary_large_image\" \/>\n<meta name=\"twitter:label1\" content=\"Gesch\u00e4tzte Lesezeit\" \/>\n\t<meta name=\"twitter:data1\" content=\"2\u00a0Minuten\" \/>\n<script type=\"application\/ld+json\" class=\"yoast-schema-graph\">{\"@context\":\"https:\\\/\\\/schema.org\",\"@graph\":[{\"@type\":\"WebPage\",\"@id\":\"https:\\\/\\\/www.fourfromdown.com\\\/index.php\\\/impressum\\\/\",\"url\":\"https:\\\/\\\/www.fourfromdown.com\\\/index.php\\\/impressum\\\/\",\"name\":\"Impressum - Four From Down\",\"isPartOf\":{\"@id\":\"https:\\\/\\\/www.fourfromdown.com\\\/#website\"},\"datePublished\":\"2021-02-23T09:04:27+00:00\",\"dateModified\":\"2021-03-05T13:05:32+00:00\",\"breadcrumb\":{\"@id\":\"https:\\\/\\\/www.fourfromdown.com\\\/index.php\\\/impressum\\\/#breadcrumb\"},\"inLanguage\":\"de\",\"potentialAction\":[{\"@type\":\"ReadAction\",\"target\":[\"https:\\\/\\\/www.fourfromdown.com\\\/index.php\\\/impressum\\\/\"]}]},{\"@type\":\"BreadcrumbList\",\"@id\":\"https:\\\/\\\/www.fourfromdown.com\\\/index.php\\\/impressum\\\/#breadcrumb\",\"itemListElement\":[{\"@type\":\"ListItem\",\"position\":1,\"name\":\"Startseite\",\"item\":\"https:\\\/\\\/www.fourfromdown.com\\\/\"},{\"@type\":\"ListItem\",\"position\":2,\"name\":\"Impressum\"}]},{\"@type\":\"WebSite\",\"@id\":\"https:\\\/\\\/www.fourfromdown.com\\\/#website\",\"url\":\"https:\\\/\\\/www.fourfromdown.com\\\/\",\"name\":\"Four From Down\",\"description\":\"Acoustic songs and stories\",\"publisher\":{\"@id\":\"https:\\\/\\\/www.fourfromdown.com\\\/#organization\"},\"potentialAction\":[{\"@type\":\"SearchAction\",\"target\":{\"@type\":\"EntryPoint\",\"urlTemplate\":\"https:\\\/\\\/www.fourfromdown.com\\\/?s={search_term_string}\"},\"query-input\":{\"@type\":\"PropertyValueSpecification\",\"valueRequired\":true,\"valueName\":\"search_term_string\"}}],\"inLanguage\":\"de\"},{\"@type\":\"Organization\",\"@id\":\"https:\\\/\\\/www.fourfromdown.com\\\/#organization\",\"name\":\"Four from Down\",\"url\":\"https:\\\/\\\/www.fourfromdown.com\\\/\",\"logo\":{\"@type\":\"ImageObject\",\"inLanguage\":\"de\",\"@id\":\"https:\\\/\\\/www.fourfromdown.com\\\/#\\\/schema\\\/logo\\\/image\\\/\",\"url\":\"http:\\\/\\\/www.fourfromdown.com\\\/wp-content\\\/uploads\\\/2021\\\/02\\\/Grau-frei.png\",\"contentUrl\":\"http:\\\/\\\/www.fourfromdown.com\\\/wp-content\\\/uploads\\\/2021\\\/02\\\/Grau-frei.png\",\"width\":203,\"height\":311,\"caption\":\"Four from Down\"},\"image\":{\"@id\":\"https:\\\/\\\/www.fourfromdown.com\\\/#\\\/schema\\\/logo\\\/image\\\/\"},\"sameAs\":[\"https:\\\/\\\/www.facebook.com\\\/fourfromdown\"]}]}<\/script>\n<!-- \/ Yoast SEO plugin. -->","yoast_head_json":{"title":"Impressum - Four From Down","robots":{"index":"index","follow":"follow","max-snippet":"max-snippet:-1","max-image-preview":"max-image-preview:large","max-video-preview":"max-video-preview:-1"},"canonical":"https:\/\/www.fourfromdown.com\/index.php\/impressum\/","og_locale":"de_DE","og_type":"article","og_title":"Impressum - Four From Down","og_description":"Angaben gem\u00e4\u00df \u00a7 5 TMG Four From Down vertreten durch Andreas Trost Starhembergstr. 2 76661 Philippsburg Kontakt Telefon: 015906801183 E-Mail: amtrost(at)web.de Redaktionell Verantwortlicher Andreas Trost Starhembergstr. 2 76661 Philippsburg Haftung f\u00fcr Inhalte Als Dienstanbieter sind wir gem\u00e4\u00df \u00a7 7 Abs.1 TMG f\u00fcr eigene Inhalte auf diesen Seiten nach den allgemeinen Gesetzen verantwortlich. Nach \u00a7\u00a7 8 [&hellip;]","og_url":"https:\/\/www.fourfromdown.com\/index.php\/impressum\/","og_site_name":"Four From Down","article_publisher":"https:\/\/www.facebook.com\/fourfromdown","article_modified_time":"2021-03-05T13:05:32+00:00","twitter_card":"summary_large_image","twitter_misc":{"Gesch\u00e4tzte Lesezeit":"2\u00a0Minuten"},"schema":{"@context":"https:\/\/schema.org","@graph":[{"@type":"WebPage","@id":"https:\/\/www.fourfromdown.com\/index.php\/impressum\/","url":"https:\/\/www.fourfromdown.com\/index.php\/impressum\/","name":"Impressum - Four From Down","isPartOf":{"@id":"https:\/\/www.fourfromdown.com\/#website"},"datePublished":"2021-02-23T09:04:27+00:00","dateModified":"2021-03-05T13:05:32+00:00","breadcrumb":{"@id":"https:\/\/www.fourfromdown.com\/index.php\/impressum\/#breadcrumb"},"inLanguage":"de","potentialAction":[{"@type":"ReadAction","target":["https:\/\/www.fourfromdown.com\/index.php\/impressum\/"]}]},{"@type":"BreadcrumbList","@id":"https:\/\/www.fourfromdown.com\/index.php\/impressum\/#breadcrumb","itemListElement":[{"@type":"ListItem","position":1,"name":"Startseite","item":"https:\/\/www.fourfromdown.com\/"},{"@type":"ListItem","position":2,"name":"Impressum"}]},{"@type":"WebSite","@id":"https:\/\/www.fourfromdown.com\/#website","url":"https:\/\/www.fourfromdown.com\/","name":"Four From Down","description":"Acoustic songs and stories","publisher":{"@id":"https:\/\/www.fourfromdown.com\/#organization"},"potentialAction":[{"@type":"SearchAction","target":{"@type":"EntryPoint","urlTemplate":"https:\/\/www.fourfromdown.com\/?s={search_term_string}"},"query-input":{"@type":"PropertyValueSpecification","valueRequired":true,"valueName":"search_term_string"}}],"inLanguage":"de"},{"@type":"Organization","@id":"https:\/\/www.fourfromdown.com\/#organization","name":"Four from Down","url":"https:\/\/www.fourfromdown.com\/","logo":{"@type":"ImageObject","inLanguage":"de","@id":"https:\/\/www.fourfromdown.com\/#\/schema\/logo\/image\/","url":"http:\/\/www.fourfromdown.com\/wp-content\/uploads\/2021\/02\/Grau-frei.png","contentUrl":"http:\/\/www.fourfromdown.com\/wp-content\/uploads\/2021\/02\/Grau-frei.png","width":203,"height":311,"caption":"Four from Down"},"image":{"@id":"https:\/\/www.fourfromdown.com\/#\/schema\/logo\/image\/"},"sameAs":["https:\/\/www.facebook.com\/fourfromdown"]}]}},"uagb_featured_image_src":{"full":false,"thumbnail":false,"medium":false,"medium_large":false,"large":false,"1536x1536":false,"2048x2048":false},"uagb_author_info":{"display_name":"Andreas","author_link":"https:\/\/www.fourfromdown.com\/index.php\/author\/andreas\/"},"uagb_comment_info":0,"uagb_excerpt":"Angaben gem\u00e4\u00df \u00a7 5 TMG Four From Down vertreten durch Andreas Trost Starhembergstr. 2 76661 Philippsburg Kontakt Telefon: 015906801183 E-Mail: amtrost(at)web.de Redaktionell Verantwortlicher Andreas Trost Starhembergstr. 2 76661 Philippsburg Haftung f\u00fcr Inhalte Als Dienstanbieter sind wir gem\u00e4\u00df \u00a7 7 Abs.1 TMG f\u00fcr eigene Inhalte auf diesen Seiten nach den allgemeinen Gesetzen verantwortlich. Nach \u00a7\u00a7 8&hellip;","_links":{"self":[{"href":"https:\/\/www.fourfromdown.com\/index.php\/wp-json\/wp\/v2\/pages\/77","targetHints":{"allow":["GET"]}}],"collection":[{"href":"https:\/\/www.fourfromdown.com\/index.php\/wp-json\/wp\/v2\/pages"}],"about":[{"href":"https:\/\/www.fourfromdown.com\/index.php\/wp-json\/wp\/v2\/types\/page"}],"author":[{"embeddable":true,"href":"https:\/\/www.fourfromdown.com\/index.php\/wp-json\/wp\/v2\/users\/1"}],"replies":[{"embeddable":true,"href":"https:\/\/www.fourfromdown.com\/index.php\/wp-json\/wp\/v2\/comments?post=77"}],"version-history":[{"count":7,"href":"https:\/\/www.fourfromdown.com\/index.php\/wp-json\/wp\/v2\/pages\/77\/revisions"}],"predecessor-version":[{"id":1202,"href":"https:\/\/www.fourfromdown.com\/index.php\/wp-json\/wp\/v2\/pages\/77\/revisions\/1202"}],"wp:attachment":[{"href":"https:\/\/www.fourfromdown.com\/index.php\/wp-json\/wp\/v2\/media?parent=77"}],"curies":[{"name":"wp","href":"https:\/\/api.w.org\/{rel}","templated":true}]}}