{"id":46,"date":"2021-02-23T09:36:12","date_gmt":"2021-02-23T08:36:12","guid":{"rendered":"http:\/\/www.fourfromdown.com\/?page_id=46"},"modified":"2021-06-09T00:59:34","modified_gmt":"2021-06-08T22:59:34","slug":"anfragen-booking","status":"publish","type":"page","link":"https:\/\/www.fourfromdown.com\/index.php\/anfragen-booking\/","title":{"rendered":"Anfragen &#038; Booking"},"content":{"rendered":"\t\t<div data-elementor-type=\"wp-page\" data-elementor-id=\"46\" class=\"elementor elementor-46\">\n\t\t\t\t\t\t<section class=\"elementor-section elementor-top-section elementor-element elementor-element-4636012 elementor-section-boxed elementor-section-height-default elementor-section-height-default\" data-id=\"4636012\" data-element_type=\"section\">\n\t\t\t\t\t\t<div class=\"elementor-container elementor-column-gap-default\">\n\t\t\t\t\t<div class=\"elementor-column elementor-col-50 elementor-top-column elementor-element elementor-element-2882d6a\" data-id=\"2882d6a\" data-element_type=\"column\">\n\t\t\t<div class=\"elementor-widget-wrap elementor-element-populated\">\n\t\t\t\t\t\t<div class=\"elementor-element elementor-element-13d07b2 elementor-widget elementor-widget-text-editor\" data-id=\"13d07b2\" data-element_type=\"widget\" data-widget_type=\"text-editor.default\">\n\t\t\t\t<div class=\"elementor-widget-container\">\n\t\t\t\t\t\t\t\t\t<p>Hallo Freunde der akustischen und handgemachten Musik.<\/p><p>Plant Ihr ein Konzert in Eurer Location? Einen Abend in Eurer Kneipe, Eurem Restaurant, im Biergarten oder in einem Gew\u00f6lbekeller? Feiert Ihr einen runden Geburtstag oder seit auf der Suche nach einer \u00dcberraschung f\u00fcr eine ganz besondere Person? Wir freuen uns auf den ersten Kontakt.<\/p><p>Bitte nutzt unser Kontaktformular und wir melden uns ganz bald bei Euch.\u00a0<\/p><p>Rock on und bis bald. Wir freuen uns.<\/p>\t\t\t\t\t\t\t\t<\/div>\n\t\t\t\t<\/div>\n\t\t\t\t\t<\/div>\n\t\t<\/div>\n\t\t\t\t<div class=\"elementor-column elementor-col-50 elementor-top-column elementor-element elementor-element-39d015f\" data-id=\"39d015f\" data-element_type=\"column\">\n\t\t\t<div class=\"elementor-widget-wrap elementor-element-populated\">\n\t\t\t\t\t\t<div class=\"elementor-element elementor-element-9bb2e04 elementor-widget elementor-widget-image\" data-id=\"9bb2e04\" data-element_type=\"widget\" data-widget_type=\"image.default\">\n\t\t\t\t<div class=\"elementor-widget-container\">\n\t\t\t\t\t\t\t\t\t\t\t\t\t\t\t<img fetchpriority=\"high\" decoding=\"async\" width=\"1024\" height=\"682\" src=\"https:\/\/www.fourfromdown.com\/wp-content\/uploads\/2021\/06\/texting-mobile-phones-hands-1490691-1024x682.jpg\" class=\"attachment-large size-large wp-image-1610\" alt=\"texting, mobile phones, hands-1490691.jpg\" srcset=\"https:\/\/www.fourfromdown.com\/wp-content\/uploads\/2021\/06\/texting-mobile-phones-hands-1490691-1024x682.jpg 1024w, https:\/\/www.fourfromdown.com\/wp-content\/uploads\/2021\/06\/texting-mobile-phones-hands-1490691-300x200.jpg 300w, https:\/\/www.fourfromdown.com\/wp-content\/uploads\/2021\/06\/texting-mobile-phones-hands-1490691-768x512.jpg 768w, https:\/\/www.fourfromdown.com\/wp-content\/uploads\/2021\/06\/texting-mobile-phones-hands-1490691.jpg 1280w\" sizes=\"(max-width: 1024px) 100vw, 1024px\" \/>\t\t\t\t\t\t\t\t\t\t\t\t\t\t\t<\/div>\n\t\t\t\t<\/div>\n\t\t\t\t\t<\/div>\n\t\t<\/div>\n\t\t\t\t\t<\/div>\n\t\t<\/section>\n\t\t\t\t<section class=\"elementor-section elementor-top-section elementor-element elementor-element-48c57cd8 elementor-section-boxed elementor-section-height-default elementor-section-height-default\" data-id=\"48c57cd8\" data-element_type=\"section\">\n\t\t\t\t\t\t<div class=\"elementor-container elementor-column-gap-default\">\n\t\t\t\t\t<div class=\"elementor-column elementor-col-100 elementor-top-column elementor-element elementor-element-d112ce0\" data-id=\"d112ce0\" data-element_type=\"column\">\n\t\t\t<div class=\"elementor-widget-wrap elementor-element-populated\">\n\t\t\t\t\t\t<div class=\"elementor-element elementor-element-d1d6535 elementor-widget elementor-widget-text-editor\" data-id=\"d1d6535\" data-element_type=\"widget\" data-widget_type=\"text-editor.default\">\n\t\t\t\t<div class=\"elementor-widget-container\">\n\t\t\t\t\t\t\t\t\t<p>\n<div class=\"wpcf7 no-js\" id=\"wpcf7-f1319-o1\" lang=\"de-DE\" dir=\"ltr\" data-wpcf7-id=\"1319\">\n<div class=\"screen-reader-response\"><p role=\"status\" aria-live=\"polite\" aria-atomic=\"true\"><\/p> <ul><\/ul><\/div>\n<form action=\"\/index.php\/wp-json\/wp\/v2\/pages\/46#wpcf7-f1319-o1\" method=\"post\" class=\"wpcf7-form init\" aria-label=\"Kontaktformular\" novalidate=\"novalidate\" data-status=\"init\">\n<fieldset class=\"hidden-fields-container\"><input type=\"hidden\" name=\"_wpcf7\" value=\"1319\" \/><input type=\"hidden\" name=\"_wpcf7_version\" value=\"6.1.5\" \/><input type=\"hidden\" name=\"_wpcf7_locale\" value=\"de_DE\" \/><input type=\"hidden\" name=\"_wpcf7_unit_tag\" value=\"wpcf7-f1319-o1\" \/><input type=\"hidden\" name=\"_wpcf7_container_post\" value=\"0\" \/><input type=\"hidden\" name=\"_wpcf7_posted_data_hash\" value=\"\" \/>\n<\/fieldset>\n<p><label> Dein Name<br \/>\n<span class=\"wpcf7-form-control-wrap\" data-name=\"your-name\"><input size=\"40\" maxlength=\"400\" class=\"wpcf7-form-control wpcf7-text wpcf7-validates-as-required\" aria-required=\"true\" aria-invalid=\"false\" value=\"\" type=\"text\" name=\"your-name\" \/><\/span> <\/label>\n<\/p>\n<p><label> Deine E-Mail-Adresse<br \/>\n<span class=\"wpcf7-form-control-wrap\" data-name=\"your-email\"><input size=\"40\" maxlength=\"400\" class=\"wpcf7-form-control wpcf7-email wpcf7-validates-as-required wpcf7-text wpcf7-validates-as-email\" aria-required=\"true\" aria-invalid=\"false\" value=\"\" type=\"email\" name=\"your-email\" \/><\/span> <\/label>\n<\/p>\n<p><label> Betreff<br \/>\n<span class=\"wpcf7-form-control-wrap\" data-name=\"betreff\"><input size=\"40\" maxlength=\"400\" class=\"wpcf7-form-control wpcf7-text wpcf7-validates-as-required\" aria-required=\"true\" aria-invalid=\"false\" value=\"\" type=\"text\" name=\"betreff\" \/><\/span> <\/label>\n<\/p>\n<p><label> Deine Nachricht<br \/>\n<span class=\"wpcf7-form-control-wrap\" data-name=\"your-message\"><textarea cols=\"40\" rows=\"10\" maxlength=\"2000\" class=\"wpcf7-form-control wpcf7-textarea\" aria-invalid=\"false\" name=\"your-message\"><\/textarea><\/span> <\/label>\n<\/p>\n<p><span class=\"wpcf7-form-control-wrap\" data-name=\"quiz-387\"><label><span class=\"wpcf7-quiz-label\">Die Hauptstadt von Frankreich?<\/span> <input size=\"40\" class=\"wpcf7-form-control wpcf7-quiz\" autocomplete=\"off\" aria-required=\"true\" aria-invalid=\"false\" type=\"text\" name=\"quiz-387\" \/><\/label><input type=\"hidden\" name=\"_wpcf7_quiz_answer_quiz-387\" value=\"bb27cc83a646bbcc72143dbc5d995ccf\" \/><\/span>\n<\/p>\n<p><input class=\"wpcf7-form-control wpcf7-submit has-spinner\" type=\"submit\" value=\"Senden\" \/>\n<\/p><p style=\"display: none !important;\" class=\"akismet-fields-container\" data-prefix=\"_wpcf7_ak_\"><label>&#916;<textarea name=\"_wpcf7_ak_hp_textarea\" cols=\"45\" rows=\"8\" maxlength=\"100\"><\/textarea><\/label><input type=\"hidden\" id=\"ak_js_1\" name=\"_wpcf7_ak_js\" value=\"65\"\/><script>document.getElementById( \"ak_js_1\" ).setAttribute( \"value\", ( new Date() ).getTime() );<\/script><\/p><div class=\"wpcf7-response-output\" aria-hidden=\"true\"><\/div>\n<\/form>\n<\/div>\n<\/p>\t\t\t\t\t\t\t\t<\/div>\n\t\t\t\t<\/div>\n\t\t\t\t\t<\/div>\n\t\t<\/div>\n\t\t\t\t\t<\/div>\n\t\t<\/section>\n\t\t\t\t<\/div>\n\t\t","protected":false},"excerpt":{"rendered":"<p>Hallo Freunde der akustischen und handgemachten Musik. Plant Ihr ein Konzert in Eurer Location? Einen Abend in Eurer Kneipe, Eurem Restaurant, im Biergarten oder in einem Gew\u00f6lbekeller? Feiert Ihr einen runden Geburtstag oder seit auf der Suche nach einer \u00dcberraschung f\u00fcr eine ganz besondere Person? Wir freuen uns auf den ersten Kontakt. Bitte nutzt unser [&hellip;]<\/p>\n","protected":false},"author":1,"featured_media":0,"parent":0,"menu_order":0,"comment_status":"closed","ping_status":"closed","template":"","meta":{"_uag_custom_page_level_css":"","site-sidebar-layout":"default","site-content-layout":"default","ast-site-content-layout":"default","site-content-style":"default","site-sidebar-style":"default","ast-global-header-display":"","ast-banner-title-visibility":"","ast-main-header-display":"","ast-hfb-above-header-display":"","ast-hfb-below-header-display":"","ast-hfb-mobile-header-display":"","site-post-title":"disabled","ast-breadcrumbs-content":"","ast-featured-img":"","footer-sml-layout":"","ast-disable-related-posts":"","theme-transparent-header-meta":"default","adv-header-id-meta":"","stick-header-meta":"","header-above-stick-meta":"","header-main-stick-meta":"","header-below-stick-meta":"","astra-migrate-meta-layouts":"default","ast-page-background-enabled":"default","ast-page-background-meta":{"desktop":{"background-color":"","background-image":"","background-repeat":"repeat","background-position":"center center","background-size":"auto","background-attachment":"scroll","background-type":"","background-media":"","overlay-type":"","overlay-color":"","overlay-opacity":"","overlay-gradient":""},"tablet":{"background-color":"","background-image":"","background-repeat":"repeat","background-position":"center center","background-size":"auto","background-attachment":"scroll","background-type":"","background-media":"","overlay-type":"","overlay-color":"","overlay-opacity":"","overlay-gradient":""},"mobile":{"background-color":"","background-image":"","background-repeat":"repeat","background-position":"center center","background-size":"auto","background-attachment":"scroll","background-type":"","background-media":"","overlay-type":"","overlay-color":"","overlay-opacity":"","overlay-gradient":""}},"ast-content-background-meta":{"desktop":{"background-color":"var(--ast-global-color-5)","background-image":"","background-repeat":"repeat","background-position":"center center","background-size":"auto","background-attachment":"scroll","background-type":"","background-media":"","overlay-type":"","overlay-color":"","overlay-opacity":"","overlay-gradient":""},"tablet":{"background-color":"var(--ast-global-color-5)","background-image":"","background-repeat":"repeat","background-position":"center center","background-size":"auto","background-attachment":"scroll","background-type":"","background-media":"","overlay-type":"","overlay-color":"","overlay-opacity":"","overlay-gradient":""},"mobile":{"background-color":"var(--ast-global-color-5)","background-image":"","background-repeat":"repeat","background-position":"center center","background-size":"auto","background-attachment":"scroll","background-type":"","background-media":"","overlay-type":"","overlay-color":"","overlay-opacity":"","overlay-gradient":""}},"footnotes":""},"class_list":["post-46","page","type-page","status-publish","hentry"],"yoast_head":"<!-- This site is optimized with the Yoast SEO plugin v27.3 - https:\/\/yoast.com\/product\/yoast-seo-wordpress\/ -->\n<title>Anfragen &amp; Booking - Four From Down<\/title>\n<meta name=\"robots\" content=\"index, follow, max-snippet:-1, max-image-preview:large, max-video-preview:-1\" \/>\n<link rel=\"canonical\" href=\"https:\/\/www.fourfromdown.com\/index.php\/anfragen-booking\/\" \/>\n<meta property=\"og:locale\" content=\"de_DE\" \/>\n<meta property=\"og:type\" content=\"article\" \/>\n<meta property=\"og:title\" content=\"Anfragen &amp; Booking - Four From Down\" \/>\n<meta property=\"og:description\" content=\"Hallo Freunde der akustischen und handgemachten Musik. Plant Ihr ein Konzert in Eurer Location? Einen Abend in Eurer Kneipe, Eurem Restaurant, im Biergarten oder in einem Gew\u00f6lbekeller? Feiert Ihr einen runden Geburtstag oder seit auf der Suche nach einer \u00dcberraschung f\u00fcr eine ganz besondere Person? Wir freuen uns auf den ersten Kontakt. Bitte nutzt unser [&hellip;]\" \/>\n<meta property=\"og:url\" content=\"https:\/\/www.fourfromdown.com\/index.php\/anfragen-booking\/\" \/>\n<meta property=\"og:site_name\" content=\"Four From Down\" \/>\n<meta property=\"article:publisher\" content=\"https:\/\/www.facebook.com\/fourfromdown\" \/>\n<meta property=\"article:modified_time\" content=\"2021-06-08T22:59:34+00:00\" \/>\n<meta property=\"og:image\" content=\"http:\/\/www.fourfromdown.com\/wp-content\/uploads\/2021\/06\/texting-mobile-phones-hands-1490691-1024x682.jpg\" \/>\n<meta name=\"twitter:card\" content=\"summary_large_image\" \/>\n<meta name=\"twitter:label1\" content=\"Gesch\u00e4tzte Lesezeit\" \/>\n\t<meta name=\"twitter:data1\" content=\"1\u00a0Minute\" \/>\n<script type=\"application\/ld+json\" class=\"yoast-schema-graph\">{\"@context\":\"https:\\\/\\\/schema.org\",\"@graph\":[{\"@type\":\"WebPage\",\"@id\":\"https:\\\/\\\/www.fourfromdown.com\\\/index.php\\\/anfragen-booking\\\/\",\"url\":\"https:\\\/\\\/www.fourfromdown.com\\\/index.php\\\/anfragen-booking\\\/\",\"name\":\"Anfragen & Booking - Four From Down\",\"isPartOf\":{\"@id\":\"https:\\\/\\\/www.fourfromdown.com\\\/#website\"},\"primaryImageOfPage\":{\"@id\":\"https:\\\/\\\/www.fourfromdown.com\\\/index.php\\\/anfragen-booking\\\/#primaryimage\"},\"image\":{\"@id\":\"https:\\\/\\\/www.fourfromdown.com\\\/index.php\\\/anfragen-booking\\\/#primaryimage\"},\"thumbnailUrl\":\"http:\\\/\\\/www.fourfromdown.com\\\/wp-content\\\/uploads\\\/2021\\\/06\\\/texting-mobile-phones-hands-1490691-1024x682.jpg\",\"datePublished\":\"2021-02-23T08:36:12+00:00\",\"dateModified\":\"2021-06-08T22:59:34+00:00\",\"breadcrumb\":{\"@id\":\"https:\\\/\\\/www.fourfromdown.com\\\/index.php\\\/anfragen-booking\\\/#breadcrumb\"},\"inLanguage\":\"de\",\"potentialAction\":[{\"@type\":\"ReadAction\",\"target\":[\"https:\\\/\\\/www.fourfromdown.com\\\/index.php\\\/anfragen-booking\\\/\"]}]},{\"@type\":\"ImageObject\",\"inLanguage\":\"de\",\"@id\":\"https:\\\/\\\/www.fourfromdown.com\\\/index.php\\\/anfragen-booking\\\/#primaryimage\",\"url\":\"http:\\\/\\\/www.fourfromdown.com\\\/wp-content\\\/uploads\\\/2021\\\/06\\\/texting-mobile-phones-hands-1490691-1024x682.jpg\",\"contentUrl\":\"http:\\\/\\\/www.fourfromdown.com\\\/wp-content\\\/uploads\\\/2021\\\/06\\\/texting-mobile-phones-hands-1490691-1024x682.jpg\"},{\"@type\":\"BreadcrumbList\",\"@id\":\"https:\\\/\\\/www.fourfromdown.com\\\/index.php\\\/anfragen-booking\\\/#breadcrumb\",\"itemListElement\":[{\"@type\":\"ListItem\",\"position\":1,\"name\":\"Startseite\",\"item\":\"https:\\\/\\\/www.fourfromdown.com\\\/\"},{\"@type\":\"ListItem\",\"position\":2,\"name\":\"Anfragen &#038; Booking\"}]},{\"@type\":\"WebSite\",\"@id\":\"https:\\\/\\\/www.fourfromdown.com\\\/#website\",\"url\":\"https:\\\/\\\/www.fourfromdown.com\\\/\",\"name\":\"Four From Down\",\"description\":\"Acoustic songs and stories\",\"publisher\":{\"@id\":\"https:\\\/\\\/www.fourfromdown.com\\\/#organization\"},\"potentialAction\":[{\"@type\":\"SearchAction\",\"target\":{\"@type\":\"EntryPoint\",\"urlTemplate\":\"https:\\\/\\\/www.fourfromdown.com\\\/?s={search_term_string}\"},\"query-input\":{\"@type\":\"PropertyValueSpecification\",\"valueRequired\":true,\"valueName\":\"search_term_string\"}}],\"inLanguage\":\"de\"},{\"@type\":\"Organization\",\"@id\":\"https:\\\/\\\/www.fourfromdown.com\\\/#organization\",\"name\":\"Four from Down\",\"url\":\"https:\\\/\\\/www.fourfromdown.com\\\/\",\"logo\":{\"@type\":\"ImageObject\",\"inLanguage\":\"de\",\"@id\":\"https:\\\/\\\/www.fourfromdown.com\\\/#\\\/schema\\\/logo\\\/image\\\/\",\"url\":\"http:\\\/\\\/www.fourfromdown.com\\\/wp-content\\\/uploads\\\/2021\\\/02\\\/Grau-frei.png\",\"contentUrl\":\"http:\\\/\\\/www.fourfromdown.com\\\/wp-content\\\/uploads\\\/2021\\\/02\\\/Grau-frei.png\",\"width\":203,\"height\":311,\"caption\":\"Four from Down\"},\"image\":{\"@id\":\"https:\\\/\\\/www.fourfromdown.com\\\/#\\\/schema\\\/logo\\\/image\\\/\"},\"sameAs\":[\"https:\\\/\\\/www.facebook.com\\\/fourfromdown\"]}]}<\/script>\n<!-- \/ Yoast SEO plugin. -->","yoast_head_json":{"title":"Anfragen & Booking - Four From Down","robots":{"index":"index","follow":"follow","max-snippet":"max-snippet:-1","max-image-preview":"max-image-preview:large","max-video-preview":"max-video-preview:-1"},"canonical":"https:\/\/www.fourfromdown.com\/index.php\/anfragen-booking\/","og_locale":"de_DE","og_type":"article","og_title":"Anfragen & Booking - Four From Down","og_description":"Hallo Freunde der akustischen und handgemachten Musik. Plant Ihr ein Konzert in Eurer Location? Einen Abend in Eurer Kneipe, Eurem Restaurant, im Biergarten oder in einem Gew\u00f6lbekeller? Feiert Ihr einen runden Geburtstag oder seit auf der Suche nach einer \u00dcberraschung f\u00fcr eine ganz besondere Person? Wir freuen uns auf den ersten Kontakt. Bitte nutzt unser [&hellip;]","og_url":"https:\/\/www.fourfromdown.com\/index.php\/anfragen-booking\/","og_site_name":"Four From Down","article_publisher":"https:\/\/www.facebook.com\/fourfromdown","article_modified_time":"2021-06-08T22:59:34+00:00","og_image":[{"url":"http:\/\/www.fourfromdown.com\/wp-content\/uploads\/2021\/06\/texting-mobile-phones-hands-1490691-1024x682.jpg","type":"","width":"","height":""}],"twitter_card":"summary_large_image","twitter_misc":{"Gesch\u00e4tzte Lesezeit":"1\u00a0Minute"},"schema":{"@context":"https:\/\/schema.org","@graph":[{"@type":"WebPage","@id":"https:\/\/www.fourfromdown.com\/index.php\/anfragen-booking\/","url":"https:\/\/www.fourfromdown.com\/index.php\/anfragen-booking\/","name":"Anfragen & Booking - Four From Down","isPartOf":{"@id":"https:\/\/www.fourfromdown.com\/#website"},"primaryImageOfPage":{"@id":"https:\/\/www.fourfromdown.com\/index.php\/anfragen-booking\/#primaryimage"},"image":{"@id":"https:\/\/www.fourfromdown.com\/index.php\/anfragen-booking\/#primaryimage"},"thumbnailUrl":"http:\/\/www.fourfromdown.com\/wp-content\/uploads\/2021\/06\/texting-mobile-phones-hands-1490691-1024x682.jpg","datePublished":"2021-02-23T08:36:12+00:00","dateModified":"2021-06-08T22:59:34+00:00","breadcrumb":{"@id":"https:\/\/www.fourfromdown.com\/index.php\/anfragen-booking\/#breadcrumb"},"inLanguage":"de","potentialAction":[{"@type":"ReadAction","target":["https:\/\/www.fourfromdown.com\/index.php\/anfragen-booking\/"]}]},{"@type":"ImageObject","inLanguage":"de","@id":"https:\/\/www.fourfromdown.com\/index.php\/anfragen-booking\/#primaryimage","url":"http:\/\/www.fourfromdown.com\/wp-content\/uploads\/2021\/06\/texting-mobile-phones-hands-1490691-1024x682.jpg","contentUrl":"http:\/\/www.fourfromdown.com\/wp-content\/uploads\/2021\/06\/texting-mobile-phones-hands-1490691-1024x682.jpg"},{"@type":"BreadcrumbList","@id":"https:\/\/www.fourfromdown.com\/index.php\/anfragen-booking\/#breadcrumb","itemListElement":[{"@type":"ListItem","position":1,"name":"Startseite","item":"https:\/\/www.fourfromdown.com\/"},{"@type":"ListItem","position":2,"name":"Anfragen &#038; Booking"}]},{"@type":"WebSite","@id":"https:\/\/www.fourfromdown.com\/#website","url":"https:\/\/www.fourfromdown.com\/","name":"Four From Down","description":"Acoustic songs and stories","publisher":{"@id":"https:\/\/www.fourfromdown.com\/#organization"},"potentialAction":[{"@type":"SearchAction","target":{"@type":"EntryPoint","urlTemplate":"https:\/\/www.fourfromdown.com\/?s={search_term_string}"},"query-input":{"@type":"PropertyValueSpecification","valueRequired":true,"valueName":"search_term_string"}}],"inLanguage":"de"},{"@type":"Organization","@id":"https:\/\/www.fourfromdown.com\/#organization","name":"Four from Down","url":"https:\/\/www.fourfromdown.com\/","logo":{"@type":"ImageObject","inLanguage":"de","@id":"https:\/\/www.fourfromdown.com\/#\/schema\/logo\/image\/","url":"http:\/\/www.fourfromdown.com\/wp-content\/uploads\/2021\/02\/Grau-frei.png","contentUrl":"http:\/\/www.fourfromdown.com\/wp-content\/uploads\/2021\/02\/Grau-frei.png","width":203,"height":311,"caption":"Four from Down"},"image":{"@id":"https:\/\/www.fourfromdown.com\/#\/schema\/logo\/image\/"},"sameAs":["https:\/\/www.facebook.com\/fourfromdown"]}]}},"uagb_featured_image_src":{"full":false,"thumbnail":false,"medium":false,"medium_large":false,"large":false,"1536x1536":false,"2048x2048":false},"uagb_author_info":{"display_name":"Andreas","author_link":"https:\/\/www.fourfromdown.com\/index.php\/author\/andreas\/"},"uagb_comment_info":0,"uagb_excerpt":"Hallo Freunde der akustischen und handgemachten Musik. Plant Ihr ein Konzert in Eurer Location? Einen Abend in Eurer Kneipe, Eurem Restaurant, im Biergarten oder in einem Gew\u00f6lbekeller? Feiert Ihr einen runden Geburtstag oder seit auf der Suche nach einer \u00dcberraschung f\u00fcr eine ganz besondere Person? Wir freuen uns auf den ersten Kontakt. Bitte nutzt unser&hellip;","_links":{"self":[{"href":"https:\/\/www.fourfromdown.com\/index.php\/wp-json\/wp\/v2\/pages\/46","targetHints":{"allow":["GET"]}}],"collection":[{"href":"https:\/\/www.fourfromdown.com\/index.php\/wp-json\/wp\/v2\/pages"}],"about":[{"href":"https:\/\/www.fourfromdown.com\/index.php\/wp-json\/wp\/v2\/types\/page"}],"author":[{"embeddable":true,"href":"https:\/\/www.fourfromdown.com\/index.php\/wp-json\/wp\/v2\/users\/1"}],"replies":[{"embeddable":true,"href":"https:\/\/www.fourfromdown.com\/index.php\/wp-json\/wp\/v2\/comments?post=46"}],"version-history":[{"count":21,"href":"https:\/\/www.fourfromdown.com\/index.php\/wp-json\/wp\/v2\/pages\/46\/revisions"}],"predecessor-version":[{"id":1635,"href":"https:\/\/www.fourfromdown.com\/index.php\/wp-json\/wp\/v2\/pages\/46\/revisions\/1635"}],"wp:attachment":[{"href":"https:\/\/www.fourfromdown.com\/index.php\/wp-json\/wp\/v2\/media?parent=46"}],"curies":[{"name":"wp","href":"https:\/\/api.w.org\/{rel}","templated":true}]}}