{"id":1940,"date":"2021-11-15T15:20:30","date_gmt":"2021-11-15T14:20:30","guid":{"rendered":"https:\/\/www.fourfromdown.com\/?page_id=1940"},"modified":"2021-11-16T11:14:55","modified_gmt":"2021-11-16T10:14:55","slug":"ausgehtipps","status":"publish","type":"page","link":"https:\/\/www.fourfromdown.com\/index.php\/ausgehtipps\/","title":{"rendered":"Ausgehtipps"},"content":{"rendered":"\t\t<div data-elementor-type=\"wp-page\" data-elementor-id=\"1940\" class=\"elementor elementor-1940\">\n\t\t\t\t\t\t<section class=\"elementor-section elementor-top-section elementor-element elementor-element-6814eab elementor-section-boxed elementor-section-height-default elementor-section-height-default\" data-id=\"6814eab\" data-element_type=\"section\">\n\t\t\t\t\t\t<div class=\"elementor-container elementor-column-gap-default\">\n\t\t\t\t\t<div class=\"elementor-column elementor-col-100 elementor-top-column elementor-element elementor-element-c184a2c\" data-id=\"c184a2c\" data-element_type=\"column\">\n\t\t\t<div class=\"elementor-widget-wrap elementor-element-populated\">\n\t\t\t\t\t\t<div class=\"elementor-element elementor-element-c2cd54d elementor-widget elementor-widget-text-editor\" data-id=\"c2cd54d\" data-element_type=\"widget\" data-widget_type=\"text-editor.default\">\n\t\t\t\t<div class=\"elementor-widget-container\">\n\t\t\t\t\t\t\t\t\t<h3><strong>Livemusik in Heidelberg: <\/strong><strong>Die besten Kneipen im Check<\/strong><\/h3><h3><strong>Mit den Four From Downs durch die Nacht<\/strong><\/h3>\t\t\t\t\t\t\t\t<\/div>\n\t\t\t\t<\/div>\n\t\t\t\t\t<\/div>\n\t\t<\/div>\n\t\t\t\t\t<\/div>\n\t\t<\/section>\n\t\t\t\t<section class=\"elementor-section elementor-top-section elementor-element elementor-element-db4c27b elementor-section-boxed elementor-section-height-default elementor-section-height-default\" data-id=\"db4c27b\" data-element_type=\"section\">\n\t\t\t\t\t\t<div class=\"elementor-container elementor-column-gap-default\">\n\t\t\t\t\t<div class=\"elementor-column elementor-col-100 elementor-top-column elementor-element elementor-element-82df873\" data-id=\"82df873\" data-element_type=\"column\">\n\t\t\t<div class=\"elementor-widget-wrap elementor-element-populated\">\n\t\t\t\t\t\t<div class=\"elementor-element elementor-element-a8964fe elementor-widget elementor-widget-text-editor\" data-id=\"a8964fe\" data-element_type=\"widget\" data-widget_type=\"text-editor.default\">\n\t\t\t\t<div class=\"elementor-widget-container\">\n\t\t\t\t\t\t\t\t\t<p>Auf der Suche nach guter Livemusik in Heidelberg f\u00fchrt unser Weg in stimmungs\u00advolle Locations und zu liebenswerten Menschen. In der historischen Altstadt\u00a0 f\u00fchlen wir uns wohl und finden Bars die \u00fcber\u00adzeugen. <span style=\"font-style: inherit; font-weight: inherit; background-color: var(--ast-global-color-5);\">Die Tour zu unseren Lieblings\u00adkneipen mit Livemusik in Heidelberg beginnt an der Alten Br\u00fccke. \u00a0Zwischen kichernden Studenten, vorbeirasenden Radfahrern und Touristen aus aller Welt stimmen wir uns auf den Abend ein. \u00a0\u201eWas waren unsere Kriterien f\u00fcr die Auswahl?\u201c fr\u00e4gt Bassist Track und S\u00e4ngerin Elle bringt es auf den Punkt: \u201eGute Livemusik in Heidelberg, tolle Location, kalte Drinks, lecker Essen und Top- Service.!\u201c. Dann kann es losgehen.<\/span><\/p>\t\t\t\t\t\t\t\t<\/div>\n\t\t\t\t<\/div>\n\t\t\t\t\t<\/div>\n\t\t<\/div>\n\t\t\t\t\t<\/div>\n\t\t<\/section>\n\t\t\t\t<section class=\"elementor-section elementor-top-section elementor-element elementor-element-b2d0ac3 elementor-section-boxed elementor-section-height-default elementor-section-height-default\" data-id=\"b2d0ac3\" data-element_type=\"section\">\n\t\t\t\t\t\t<div class=\"elementor-container elementor-column-gap-default\">\n\t\t\t\t\t<div class=\"elementor-column elementor-col-33 elementor-top-column elementor-element elementor-element-4685826\" data-id=\"4685826\" data-element_type=\"column\">\n\t\t\t<div class=\"elementor-widget-wrap elementor-element-populated\">\n\t\t\t\t\t\t<div class=\"elementor-element elementor-element-43aa254 elementor-widget elementor-widget-text-editor\" data-id=\"43aa254\" data-element_type=\"widget\" data-widget_type=\"text-editor.default\">\n\t\t\t\t<div class=\"elementor-widget-container\">\n\t\t\t\t\t\t\t\t\t<p>Auf ins&nbsp;<span style=\"font-weight: bold;\"><u>Hemingways&nbsp;<\/u><\/span><u>in<\/u>&nbsp;der Fahrtgasse 1. Die coole Bar am Neckar ist ein beliebt f\u00fcr den Start in den Abend oder f\u00fcr den letzten Absacker. Bei der Musikauswahl geht es ganz \u201ebarlike\u201c zu und es stehen Jazz, Soul und R&amp;B auf dem Programm. Nie aufdringlich, laut oder schrill. Eher gechillt und im Hintergrund. Die Getr\u00e4nkekarte l\u00e4sst keine W\u00fcnsche offen und f\u00fcr den kleinen Hunger empfehlen wir die leckeren Tapas. Im Sommer gibt es kleine Konzerte im Biergarten<\/p>\n<p>Als Unplugged Akustik-Band sind wir auf der Suche nach handgemachter Livemusik in Heidelberg. Unser Favorit: der <strong><u>Dubliner Irish Pub<\/u><\/strong> in der Hauptstra\u00dfe 91. Der Pub bekommt bei unserem kleinen Bandvoting die H\u00f6chst-punktzahl. F\u00fcnf Mal die Woche spielen hier nationale und internationale G\u00e4ste &nbsp;einfach gute Gitarrenmusik. Man f\u00fchlt wie in Irland, Sydney oder Nashville. Dazu 20 Biersorten vom Fass und die besten Fisch &amp; Chips in Heidelberg. Wir lieben den sympathische Barkeeper, der immer einen irischen Witz auf Lager hat. Je sp\u00e4ter der Abend, desto besser die Jokes.<\/p>\n<p><span style=\"background-color: var(--ast-global-color-5); font-size: 1rem;\">Fast w\u00e4ren wir im Irish Pub h\u00e4ngen geblieben, aber zum Abschluss der Livemusik in Heidelberg Tour ruf die<\/span><span style=\"background-color: var(--ast-global-color-5); font-size: 1rem;\">&nbsp;<\/span><span style=\"background-color: var(--ast-global-color-5); font-size: 1rem; font-weight: bold;\"><u>Destille<\/u><\/span><span style=\"background-color: var(--ast-global-color-5); font-size: 1rem;\">&nbsp;<\/span><span style=\"background-color: var(--ast-global-color-5); font-size: 1rem;\">in der Unteren Stra\u00dfe, dem Kneipenhotspot. Dort stehen \u201eKunst &amp; Kneipe\u201c Programm. Auch wenn man den Namen der Houseband vergessen mag, der Akazienbaum an der Bar und die G\u00e4ste an sich machen einen Besuch immer lohnend. Hier ist Platz f\u00fcr unkonventionelle Begegnungen und spontane Live-Acts ohne Schnick-Schnack. Das gef\u00e4llt den Four From Downs.<\/span><\/p>\n<p><\/p>\t\t\t\t\t\t\t\t<\/div>\n\t\t\t\t<\/div>\n\t\t\t\t\t<\/div>\n\t\t<\/div>\n\t\t\t\t<div class=\"elementor-column elementor-col-66 elementor-top-column elementor-element elementor-element-a3bafaa\" data-id=\"a3bafaa\" data-element_type=\"column\">\n\t\t\t<div class=\"elementor-widget-wrap elementor-element-populated\">\n\t\t\t\t\t\t<div class=\"elementor-element elementor-element-1763363 elementor-widget elementor-widget-text-editor\" data-id=\"1763363\" data-element_type=\"widget\" data-widget_type=\"text-editor.default\">\n\t\t\t\t<div class=\"elementor-widget-container\">\n\t\t\t\t\t\t\t\t\t<p><iframe title=\"Livemusik @ Downtown HeidelbergTop 3 Location Tipps der Four From Downs\" aria-label=\"Locator maps\" id=\"datawrapper-chart-54UyZ\" data-src=\"https:\/\/datawrapper.dwcdn.net\/54UyZ\/6\/\" scrolling=\"no\" frameborder=\"0\" style=\"width: 0; min-width: 100% !important; border: none;\" height=\"588\" data-external=\"1\" src=\"data:image\/svg+xml;base64,PHN2ZyB3aWR0aD0iMSIgaGVpZ2h0PSIxIiB4bWxucz0iaHR0cDovL3d3dy53My5vcmcvMjAwMC9zdmciPjwvc3ZnPg==\" class=\"lazyload\" data-load-mode=\"1\"><\/iframe><script type=\"text\/javascript\">!function(){\"use strict\";window.addEventListener(\"message\",(function(a){if(void 0!==a.data[\"datawrapper-height\"]){var e=document.querySelectorAll(\"iframe\");for(var t in a.data[\"datawrapper-height\"])for(var r=0;r<e.length;r++)if(e[r].contentWindow===a.source){var i=a.data[\"datawrapper-height\"][t]+\"px\";e[r].style.height=i}}}))}();<\/script><\/p>\t\t\t\t\t\t\t\t<\/div>\n\t\t\t\t<\/div>\n\t\t\t\t<div class=\"elementor-element elementor-element-cb5db88 elementor-widget elementor-widget-image\" data-id=\"cb5db88\" data-element_type=\"widget\" data-widget_type=\"image.default\">\n\t\t\t\t<div class=\"elementor-widget-container\">\n\t\t\t\t\t\t\t\t\t\t\t\t\t\t\t<img fetchpriority=\"high\" decoding=\"async\" width=\"1024\" height=\"426\" src=\"https:\/\/www.fourfromdown.com\/wp-content\/uploads\/2021\/11\/heidelberg-g95465d976_1920-1024x426.jpg\" class=\"attachment-large size-large wp-image-1954\" alt=\"\" srcset=\"https:\/\/www.fourfromdown.com\/wp-content\/uploads\/2021\/11\/heidelberg-g95465d976_1920-1024x426.jpg 1024w, https:\/\/www.fourfromdown.com\/wp-content\/uploads\/2021\/11\/heidelberg-g95465d976_1920-300x125.jpg 300w, https:\/\/www.fourfromdown.com\/wp-content\/uploads\/2021\/11\/heidelberg-g95465d976_1920-768x320.jpg 768w, https:\/\/www.fourfromdown.com\/wp-content\/uploads\/2021\/11\/heidelberg-g95465d976_1920-1536x640.jpg 1536w, https:\/\/www.fourfromdown.com\/wp-content\/uploads\/2021\/11\/heidelberg-g95465d976_1920.jpg 1919w\" sizes=\"(max-width: 1024px) 100vw, 1024px\" \/>\t\t\t\t\t\t\t\t\t\t\t\t\t\t\t<\/div>\n\t\t\t\t<\/div>\n\t\t\t\t\t<\/div>\n\t\t<\/div>\n\t\t\t\t\t<\/div>\n\t\t<\/section>\n\t\t\t\t<section class=\"elementor-section elementor-top-section elementor-element elementor-element-a644f4c elementor-section-boxed elementor-section-height-default elementor-section-height-default\" data-id=\"a644f4c\" data-element_type=\"section\">\n\t\t\t\t\t\t<div class=\"elementor-container elementor-column-gap-default\">\n\t\t\t\t\t<div class=\"elementor-column elementor-col-100 elementor-top-column elementor-element elementor-element-3a95876\" data-id=\"3a95876\" data-element_type=\"column\">\n\t\t\t<div class=\"elementor-widget-wrap elementor-element-populated\">\n\t\t\t\t\t\t<div class=\"elementor-element elementor-element-3947e74 elementor-widget elementor-widget-text-editor\" data-id=\"3947e74\" data-element_type=\"widget\" data-widget_type=\"text-editor.default\">\n\t\t\t\t<div class=\"elementor-widget-container\">\n\t\t\t\t\t\t\t\t\t<p>Erf\u00fcllt vom gemeinsamen Abend, zieht es uns noch einmal hinunter zur Alten Br\u00fccke. Beim Blick auf das Alte Schloss sind wir uns einig. \u201eSch\u00f6n war\u2019s\u201c. Unsere Tipps f\u00fcr Livemusik in Heidelberg sind alle drei einen Besuch wert. Probiert es aus uns schreibt uns.<\/p><p>Bild: www.pixabay.com<\/p>\t\t\t\t\t\t\t\t<\/div>\n\t\t\t\t<\/div>\n\t\t\t\t\t<\/div>\n\t\t<\/div>\n\t\t\t\t\t<\/div>\n\t\t<\/section>\n\t\t\t\t<section class=\"elementor-section elementor-top-section elementor-element elementor-element-1e14fad elementor-section-boxed elementor-section-height-default elementor-section-height-default\" data-id=\"1e14fad\" data-element_type=\"section\">\n\t\t\t\t\t\t<div class=\"elementor-container elementor-column-gap-default\">\n\t\t\t\t\t<div class=\"elementor-column elementor-col-100 elementor-top-column elementor-element elementor-element-96870af\" data-id=\"96870af\" data-element_type=\"column\">\n\t\t\t<div class=\"elementor-widget-wrap\">\n\t\t\t\t\t\t\t<\/div>\n\t\t<\/div>\n\t\t\t\t\t<\/div>\n\t\t<\/section>\n\t\t\t\t<\/div>\n\t\t","protected":false},"excerpt":{"rendered":"<p>Livemusik in Heidelberg: Die besten Kneipen im Check Mit den Four From Downs durch die Nacht Auf der Suche nach guter Livemusik in Heidelberg f\u00fchrt unser Weg in stimmungs\u00advolle Locations und zu liebenswerten Menschen. In der historischen Altstadt\u00a0 f\u00fchlen wir uns wohl und finden Bars die \u00fcber\u00adzeugen. Die Tour zu unseren Lieblings\u00adkneipen mit Livemusik in [&hellip;]<\/p>\n","protected":false},"author":1,"featured_media":0,"parent":0,"menu_order":0,"comment_status":"closed","ping_status":"closed","template":"","meta":{"_uag_custom_page_level_css":"","site-sidebar-layout":"default","site-content-layout":"default","ast-site-content-layout":"default","site-content-style":"default","site-sidebar-style":"default","ast-global-header-display":"","ast-banner-title-visibility":"","ast-main-header-display":"","ast-hfb-above-header-display":"","ast-hfb-below-header-display":"","ast-hfb-mobile-header-display":"","site-post-title":"","ast-breadcrumbs-content":"","ast-featured-img":"","footer-sml-layout":"","ast-disable-related-posts":"","theme-transparent-header-meta":"default","adv-header-id-meta":"","stick-header-meta":"","header-above-stick-meta":"","header-main-stick-meta":"","header-below-stick-meta":"","astra-migrate-meta-layouts":"default","ast-page-background-enabled":"default","ast-page-background-meta":{"desktop":{"background-color":"","background-image":"","background-repeat":"repeat","background-position":"center center","background-size":"auto","background-attachment":"scroll","background-type":"","background-media":"","overlay-type":"","overlay-color":"","overlay-opacity":"","overlay-gradient":""},"tablet":{"background-color":"","background-image":"","background-repeat":"repeat","background-position":"center center","background-size":"auto","background-attachment":"scroll","background-type":"","background-media":"","overlay-type":"","overlay-color":"","overlay-opacity":"","overlay-gradient":""},"mobile":{"background-color":"","background-image":"","background-repeat":"repeat","background-position":"center center","background-size":"auto","background-attachment":"scroll","background-type":"","background-media":"","overlay-type":"","overlay-color":"","overlay-opacity":"","overlay-gradient":""}},"ast-content-background-meta":{"desktop":{"background-color":"var(--ast-global-color-5)","background-image":"","background-repeat":"repeat","background-position":"center center","background-size":"auto","background-attachment":"scroll","background-type":"","background-media":"","overlay-type":"","overlay-color":"","overlay-opacity":"","overlay-gradient":""},"tablet":{"background-color":"var(--ast-global-color-5)","background-image":"","background-repeat":"repeat","background-position":"center center","background-size":"auto","background-attachment":"scroll","background-type":"","background-media":"","overlay-type":"","overlay-color":"","overlay-opacity":"","overlay-gradient":""},"mobile":{"background-color":"var(--ast-global-color-5)","background-image":"","background-repeat":"repeat","background-position":"center center","background-size":"auto","background-attachment":"scroll","background-type":"","background-media":"","overlay-type":"","overlay-color":"","overlay-opacity":"","overlay-gradient":""}},"footnotes":""},"class_list":["post-1940","page","type-page","status-publish","hentry"],"yoast_head":"<!-- This site is optimized with the Yoast SEO plugin v27.3 - https:\/\/yoast.com\/product\/yoast-seo-wordpress\/ -->\n<title>Ausgehtipps - Four From Down<\/title>\n<meta name=\"robots\" content=\"index, follow, max-snippet:-1, max-image-preview:large, max-video-preview:-1\" \/>\n<link rel=\"canonical\" href=\"https:\/\/www.fourfromdown.com\/index.php\/ausgehtipps\/\" \/>\n<meta property=\"og:locale\" content=\"de_DE\" \/>\n<meta property=\"og:type\" content=\"article\" \/>\n<meta property=\"og:title\" content=\"Ausgehtipps - Four From Down\" \/>\n<meta property=\"og:description\" content=\"Livemusik in Heidelberg: Die besten Kneipen im Check Mit den Four From Downs durch die Nacht Auf der Suche nach guter Livemusik in Heidelberg f\u00fchrt unser Weg in stimmungs\u00advolle Locations und zu liebenswerten Menschen. In der historischen Altstadt\u00a0 f\u00fchlen wir uns wohl und finden Bars die \u00fcber\u00adzeugen. Die Tour zu unseren Lieblings\u00adkneipen mit Livemusik in [&hellip;]\" \/>\n<meta property=\"og:url\" content=\"https:\/\/www.fourfromdown.com\/index.php\/ausgehtipps\/\" \/>\n<meta property=\"og:site_name\" content=\"Four From Down\" \/>\n<meta property=\"article:publisher\" content=\"https:\/\/www.facebook.com\/fourfromdown\" \/>\n<meta property=\"article:modified_time\" content=\"2021-11-16T10:14:55+00:00\" \/>\n<meta property=\"og:image\" content=\"https:\/\/www.fourfromdown.com\/wp-content\/uploads\/2021\/11\/heidelberg-g95465d976_1920-1024x426.jpg\" \/>\n<meta name=\"twitter:card\" content=\"summary_large_image\" \/>\n<meta name=\"twitter:label1\" content=\"Gesch\u00e4tzte Lesezeit\" \/>\n\t<meta name=\"twitter:data1\" content=\"2\u00a0Minuten\" \/>\n<script type=\"application\/ld+json\" class=\"yoast-schema-graph\">{\"@context\":\"https:\\\/\\\/schema.org\",\"@graph\":[{\"@type\":\"WebPage\",\"@id\":\"https:\\\/\\\/www.fourfromdown.com\\\/index.php\\\/ausgehtipps\\\/\",\"url\":\"https:\\\/\\\/www.fourfromdown.com\\\/index.php\\\/ausgehtipps\\\/\",\"name\":\"Ausgehtipps - Four From Down\",\"isPartOf\":{\"@id\":\"https:\\\/\\\/www.fourfromdown.com\\\/#website\"},\"primaryImageOfPage\":{\"@id\":\"https:\\\/\\\/www.fourfromdown.com\\\/index.php\\\/ausgehtipps\\\/#primaryimage\"},\"image\":{\"@id\":\"https:\\\/\\\/www.fourfromdown.com\\\/index.php\\\/ausgehtipps\\\/#primaryimage\"},\"thumbnailUrl\":\"https:\\\/\\\/www.fourfromdown.com\\\/wp-content\\\/uploads\\\/2021\\\/11\\\/heidelberg-g95465d976_1920-1024x426.jpg\",\"datePublished\":\"2021-11-15T14:20:30+00:00\",\"dateModified\":\"2021-11-16T10:14:55+00:00\",\"breadcrumb\":{\"@id\":\"https:\\\/\\\/www.fourfromdown.com\\\/index.php\\\/ausgehtipps\\\/#breadcrumb\"},\"inLanguage\":\"de\",\"potentialAction\":[{\"@type\":\"ReadAction\",\"target\":[\"https:\\\/\\\/www.fourfromdown.com\\\/index.php\\\/ausgehtipps\\\/\"]}]},{\"@type\":\"ImageObject\",\"inLanguage\":\"de\",\"@id\":\"https:\\\/\\\/www.fourfromdown.com\\\/index.php\\\/ausgehtipps\\\/#primaryimage\",\"url\":\"https:\\\/\\\/www.fourfromdown.com\\\/wp-content\\\/uploads\\\/2021\\\/11\\\/heidelberg-g95465d976_1920.jpg\",\"contentUrl\":\"https:\\\/\\\/www.fourfromdown.com\\\/wp-content\\\/uploads\\\/2021\\\/11\\\/heidelberg-g95465d976_1920.jpg\",\"width\":1919,\"height\":799},{\"@type\":\"BreadcrumbList\",\"@id\":\"https:\\\/\\\/www.fourfromdown.com\\\/index.php\\\/ausgehtipps\\\/#breadcrumb\",\"itemListElement\":[{\"@type\":\"ListItem\",\"position\":1,\"name\":\"Startseite\",\"item\":\"https:\\\/\\\/www.fourfromdown.com\\\/\"},{\"@type\":\"ListItem\",\"position\":2,\"name\":\"Ausgehtipps\"}]},{\"@type\":\"WebSite\",\"@id\":\"https:\\\/\\\/www.fourfromdown.com\\\/#website\",\"url\":\"https:\\\/\\\/www.fourfromdown.com\\\/\",\"name\":\"Four From Down\",\"description\":\"Acoustic songs and stories\",\"publisher\":{\"@id\":\"https:\\\/\\\/www.fourfromdown.com\\\/#organization\"},\"potentialAction\":[{\"@type\":\"SearchAction\",\"target\":{\"@type\":\"EntryPoint\",\"urlTemplate\":\"https:\\\/\\\/www.fourfromdown.com\\\/?s={search_term_string}\"},\"query-input\":{\"@type\":\"PropertyValueSpecification\",\"valueRequired\":true,\"valueName\":\"search_term_string\"}}],\"inLanguage\":\"de\"},{\"@type\":\"Organization\",\"@id\":\"https:\\\/\\\/www.fourfromdown.com\\\/#organization\",\"name\":\"Four from Down\",\"url\":\"https:\\\/\\\/www.fourfromdown.com\\\/\",\"logo\":{\"@type\":\"ImageObject\",\"inLanguage\":\"de\",\"@id\":\"https:\\\/\\\/www.fourfromdown.com\\\/#\\\/schema\\\/logo\\\/image\\\/\",\"url\":\"http:\\\/\\\/www.fourfromdown.com\\\/wp-content\\\/uploads\\\/2021\\\/02\\\/Grau-frei.png\",\"contentUrl\":\"http:\\\/\\\/www.fourfromdown.com\\\/wp-content\\\/uploads\\\/2021\\\/02\\\/Grau-frei.png\",\"width\":203,\"height\":311,\"caption\":\"Four from Down\"},\"image\":{\"@id\":\"https:\\\/\\\/www.fourfromdown.com\\\/#\\\/schema\\\/logo\\\/image\\\/\"},\"sameAs\":[\"https:\\\/\\\/www.facebook.com\\\/fourfromdown\"]}]}<\/script>\n<!-- \/ Yoast SEO plugin. -->","yoast_head_json":{"title":"Ausgehtipps - Four From Down","robots":{"index":"index","follow":"follow","max-snippet":"max-snippet:-1","max-image-preview":"max-image-preview:large","max-video-preview":"max-video-preview:-1"},"canonical":"https:\/\/www.fourfromdown.com\/index.php\/ausgehtipps\/","og_locale":"de_DE","og_type":"article","og_title":"Ausgehtipps - Four From Down","og_description":"Livemusik in Heidelberg: Die besten Kneipen im Check Mit den Four From Downs durch die Nacht Auf der Suche nach guter Livemusik in Heidelberg f\u00fchrt unser Weg in stimmungs\u00advolle Locations und zu liebenswerten Menschen. In der historischen Altstadt\u00a0 f\u00fchlen wir uns wohl und finden Bars die \u00fcber\u00adzeugen. Die Tour zu unseren Lieblings\u00adkneipen mit Livemusik in [&hellip;]","og_url":"https:\/\/www.fourfromdown.com\/index.php\/ausgehtipps\/","og_site_name":"Four From Down","article_publisher":"https:\/\/www.facebook.com\/fourfromdown","article_modified_time":"2021-11-16T10:14:55+00:00","og_image":[{"url":"https:\/\/www.fourfromdown.com\/wp-content\/uploads\/2021\/11\/heidelberg-g95465d976_1920-1024x426.jpg","type":"","width":"","height":""}],"twitter_card":"summary_large_image","twitter_misc":{"Gesch\u00e4tzte Lesezeit":"2\u00a0Minuten"},"schema":{"@context":"https:\/\/schema.org","@graph":[{"@type":"WebPage","@id":"https:\/\/www.fourfromdown.com\/index.php\/ausgehtipps\/","url":"https:\/\/www.fourfromdown.com\/index.php\/ausgehtipps\/","name":"Ausgehtipps - Four From Down","isPartOf":{"@id":"https:\/\/www.fourfromdown.com\/#website"},"primaryImageOfPage":{"@id":"https:\/\/www.fourfromdown.com\/index.php\/ausgehtipps\/#primaryimage"},"image":{"@id":"https:\/\/www.fourfromdown.com\/index.php\/ausgehtipps\/#primaryimage"},"thumbnailUrl":"https:\/\/www.fourfromdown.com\/wp-content\/uploads\/2021\/11\/heidelberg-g95465d976_1920-1024x426.jpg","datePublished":"2021-11-15T14:20:30+00:00","dateModified":"2021-11-16T10:14:55+00:00","breadcrumb":{"@id":"https:\/\/www.fourfromdown.com\/index.php\/ausgehtipps\/#breadcrumb"},"inLanguage":"de","potentialAction":[{"@type":"ReadAction","target":["https:\/\/www.fourfromdown.com\/index.php\/ausgehtipps\/"]}]},{"@type":"ImageObject","inLanguage":"de","@id":"https:\/\/www.fourfromdown.com\/index.php\/ausgehtipps\/#primaryimage","url":"https:\/\/www.fourfromdown.com\/wp-content\/uploads\/2021\/11\/heidelberg-g95465d976_1920.jpg","contentUrl":"https:\/\/www.fourfromdown.com\/wp-content\/uploads\/2021\/11\/heidelberg-g95465d976_1920.jpg","width":1919,"height":799},{"@type":"BreadcrumbList","@id":"https:\/\/www.fourfromdown.com\/index.php\/ausgehtipps\/#breadcrumb","itemListElement":[{"@type":"ListItem","position":1,"name":"Startseite","item":"https:\/\/www.fourfromdown.com\/"},{"@type":"ListItem","position":2,"name":"Ausgehtipps"}]},{"@type":"WebSite","@id":"https:\/\/www.fourfromdown.com\/#website","url":"https:\/\/www.fourfromdown.com\/","name":"Four From Down","description":"Acoustic songs and stories","publisher":{"@id":"https:\/\/www.fourfromdown.com\/#organization"},"potentialAction":[{"@type":"SearchAction","target":{"@type":"EntryPoint","urlTemplate":"https:\/\/www.fourfromdown.com\/?s={search_term_string}"},"query-input":{"@type":"PropertyValueSpecification","valueRequired":true,"valueName":"search_term_string"}}],"inLanguage":"de"},{"@type":"Organization","@id":"https:\/\/www.fourfromdown.com\/#organization","name":"Four from Down","url":"https:\/\/www.fourfromdown.com\/","logo":{"@type":"ImageObject","inLanguage":"de","@id":"https:\/\/www.fourfromdown.com\/#\/schema\/logo\/image\/","url":"http:\/\/www.fourfromdown.com\/wp-content\/uploads\/2021\/02\/Grau-frei.png","contentUrl":"http:\/\/www.fourfromdown.com\/wp-content\/uploads\/2021\/02\/Grau-frei.png","width":203,"height":311,"caption":"Four from Down"},"image":{"@id":"https:\/\/www.fourfromdown.com\/#\/schema\/logo\/image\/"},"sameAs":["https:\/\/www.facebook.com\/fourfromdown"]}]}},"uagb_featured_image_src":{"full":false,"thumbnail":false,"medium":false,"medium_large":false,"large":false,"1536x1536":false,"2048x2048":false},"uagb_author_info":{"display_name":"Andreas","author_link":"https:\/\/www.fourfromdown.com\/index.php\/author\/andreas\/"},"uagb_comment_info":0,"uagb_excerpt":"Livemusik in Heidelberg: Die besten Kneipen im Check Mit den Four From Downs durch die Nacht Auf der Suche nach guter Livemusik in Heidelberg f\u00fchrt unser Weg in stimmungs\u00advolle Locations und zu liebenswerten Menschen. In der historischen Altstadt\u00a0 f\u00fchlen wir uns wohl und finden Bars die \u00fcber\u00adzeugen. Die Tour zu unseren Lieblings\u00adkneipen mit Livemusik in&hellip;","_links":{"self":[{"href":"https:\/\/www.fourfromdown.com\/index.php\/wp-json\/wp\/v2\/pages\/1940","targetHints":{"allow":["GET"]}}],"collection":[{"href":"https:\/\/www.fourfromdown.com\/index.php\/wp-json\/wp\/v2\/pages"}],"about":[{"href":"https:\/\/www.fourfromdown.com\/index.php\/wp-json\/wp\/v2\/types\/page"}],"author":[{"embeddable":true,"href":"https:\/\/www.fourfromdown.com\/index.php\/wp-json\/wp\/v2\/users\/1"}],"replies":[{"embeddable":true,"href":"https:\/\/www.fourfromdown.com\/index.php\/wp-json\/wp\/v2\/comments?post=1940"}],"version-history":[{"count":22,"href":"https:\/\/www.fourfromdown.com\/index.php\/wp-json\/wp\/v2\/pages\/1940\/revisions"}],"predecessor-version":[{"id":1966,"href":"https:\/\/www.fourfromdown.com\/index.php\/wp-json\/wp\/v2\/pages\/1940\/revisions\/1966"}],"wp:attachment":[{"href":"https:\/\/www.fourfromdown.com\/index.php\/wp-json\/wp\/v2\/media?parent=1940"}],"curies":[{"name":"wp","href":"https:\/\/api.w.org\/{rel}","templated":true}]}}