{"id":1074,"date":"2021-03-03T15:44:08","date_gmt":"2021-03-03T14:44:08","guid":{"rendered":"http:\/\/www.fourfromdown.com\/?page_id=1074"},"modified":"2021-06-09T00:50:56","modified_gmt":"2021-06-08T22:50:56","slug":"fans","status":"publish","type":"page","link":"https:\/\/www.fourfromdown.com\/index.php\/fans\/","title":{"rendered":"Fans &#038; Friends"},"content":{"rendered":"\t\t<div data-elementor-type=\"wp-page\" data-elementor-id=\"1074\" class=\"elementor elementor-1074\">\n\t\t\t\t\t\t<section class=\"elementor-section elementor-top-section elementor-element elementor-element-5aac460 elementor-section-boxed elementor-section-height-default elementor-section-height-default\" data-id=\"5aac460\" data-element_type=\"section\">\n\t\t\t\t\t\t<div class=\"elementor-container elementor-column-gap-default\">\n\t\t\t\t\t<div class=\"elementor-column elementor-col-100 elementor-top-column elementor-element elementor-element-46570b0\" data-id=\"46570b0\" data-element_type=\"column\">\n\t\t\t<div class=\"elementor-widget-wrap elementor-element-populated\">\n\t\t\t\t\t\t<div class=\"elementor-element elementor-element-ed90c7e elementor-widget elementor-widget-image\" data-id=\"ed90c7e\" data-element_type=\"widget\" data-widget_type=\"image.default\">\n\t\t\t\t<div class=\"elementor-widget-container\">\n\t\t\t\t\t\t\t\t\t\t\t\t\t\t\t<img fetchpriority=\"high\" decoding=\"async\" width=\"1024\" height=\"300\" src=\"https:\/\/www.fourfromdown.com\/wp-content\/uploads\/2021\/03\/2.png\" class=\"attachment-large size-large wp-image-1297\" alt=\"Acoustic Unplugged Cover Band\" \/>\t\t\t\t\t\t\t\t\t\t\t\t\t\t\t<\/div>\n\t\t\t\t<\/div>\n\t\t\t\t\t<\/div>\n\t\t<\/div>\n\t\t\t\t\t<\/div>\n\t\t<\/section>\n\t\t\t\t<section class=\"elementor-section elementor-top-section elementor-element elementor-element-6497441 elementor-section-boxed elementor-section-height-default elementor-section-height-default\" data-id=\"6497441\" data-element_type=\"section\">\n\t\t\t\t\t\t<div class=\"elementor-container elementor-column-gap-default\">\n\t\t\t\t\t<div class=\"elementor-column elementor-col-50 elementor-top-column elementor-element elementor-element-0a456b5\" data-id=\"0a456b5\" data-element_type=\"column\">\n\t\t\t<div class=\"elementor-widget-wrap elementor-element-populated\">\n\t\t\t\t\t\t<div class=\"elementor-element elementor-element-3883cf6 elementor-widget elementor-widget-heading\" data-id=\"3883cf6\" data-element_type=\"widget\" data-widget_type=\"heading.default\">\n\t\t\t\t<div class=\"elementor-widget-container\">\n\t\t\t\t\t<h4 class=\"elementor-heading-title elementor-size-default\">Vielen Dank f\u00fcr Eure Unterst\u00fctzung<\/h4>\t\t\t\t<\/div>\n\t\t\t\t<\/div>\n\t\t\t\t<div class=\"elementor-element elementor-element-505edc8 elementor-widget elementor-widget-text-editor\" data-id=\"505edc8\" data-element_type=\"widget\" data-widget_type=\"text-editor.default\">\n\t\t\t\t<div class=\"elementor-widget-container\">\n\t\t\t\t\t\t\t\t\t<p>Seit \u00fcber zehn Jahre ziehen wir mit <b>Four From Down<\/b> und unseren <b>Acoustic Songs &amp; Stories<\/b> durch die Kneipen, Keller und Bierg\u00e4rten der Region. Spielen auf Events oder bei Festivals. In dieser Zeit hatten wir viele sch\u00f6ne Begegnungen und intensive Momente mit unserem Publikum.<\/p><p>Bleiben wir in Kontakt und freuen uns auf die n\u00e4chsten Konzerte und Abende mit akustischer Livemusik.<\/p>\t\t\t\t\t\t\t\t<\/div>\n\t\t\t\t<\/div>\n\t\t\t\t\t<\/div>\n\t\t<\/div>\n\t\t\t\t<div class=\"elementor-column elementor-col-50 elementor-top-column elementor-element elementor-element-fb5f918\" data-id=\"fb5f918\" data-element_type=\"column\">\n\t\t\t<div class=\"elementor-widget-wrap elementor-element-populated\">\n\t\t\t\t\t\t<div class=\"elementor-element elementor-element-dbdc6ec elementor-widget elementor-widget-image\" data-id=\"dbdc6ec\" data-element_type=\"widget\" data-widget_type=\"image.default\">\n\t\t\t\t<div class=\"elementor-widget-container\">\n\t\t\t\t\t\t\t\t\t\t\t\t\t\t\t<img decoding=\"async\" width=\"1024\" height=\"682\" data-src=\"https:\/\/www.fourfromdown.com\/wp-content\/uploads\/2021\/03\/concert-crowd-audience-768722.jpg\" class=\"attachment-large size-large wp-image-1080 lazyload\" alt=\"live konzert fans\" src=\"data:image\/svg+xml;base64,PHN2ZyB3aWR0aD0iMSIgaGVpZ2h0PSIxIiB4bWxucz0iaHR0cDovL3d3dy53My5vcmcvMjAwMC9zdmciPjwvc3ZnPg==\" style=\"--smush-placeholder-width: 1024px; --smush-placeholder-aspect-ratio: 1024\/682;\" \/>\t\t\t\t\t\t\t\t\t\t\t\t\t\t\t<\/div>\n\t\t\t\t<\/div>\n\t\t\t\t\t<\/div>\n\t\t<\/div>\n\t\t\t\t\t<\/div>\n\t\t<\/section>\n\t\t\t\t<section class=\"elementor-section elementor-top-section elementor-element elementor-element-0deb016 elementor-section-boxed elementor-section-height-default elementor-section-height-default\" data-id=\"0deb016\" data-element_type=\"section\">\n\t\t\t\t\t\t<div class=\"elementor-container elementor-column-gap-default\">\n\t\t\t\t\t<div class=\"elementor-column elementor-col-100 elementor-top-column elementor-element elementor-element-d8f869a\" data-id=\"d8f869a\" data-element_type=\"column\">\n\t\t\t<div class=\"elementor-widget-wrap elementor-element-populated\">\n\t\t\t\t\t\t<div class=\"elementor-element elementor-element-79c7b35 elementor-widget elementor-widget-spacer\" data-id=\"79c7b35\" data-element_type=\"widget\" data-widget_type=\"spacer.default\">\n\t\t\t\t<div class=\"elementor-widget-container\">\n\t\t\t\t\t\t\t<div class=\"elementor-spacer\">\n\t\t\t<div class=\"elementor-spacer-inner\"><\/div>\n\t\t<\/div>\n\t\t\t\t\t\t<\/div>\n\t\t\t\t<\/div>\n\t\t\t\t\t<\/div>\n\t\t<\/div>\n\t\t\t\t\t<\/div>\n\t\t<\/section>\n\t\t\t\t<section class=\"elementor-section elementor-top-section elementor-element elementor-element-fe5d5de elementor-section-boxed elementor-section-height-default elementor-section-height-default\" data-id=\"fe5d5de\" data-element_type=\"section\">\n\t\t\t\t\t\t<div class=\"elementor-container elementor-column-gap-default\">\n\t\t\t\t\t<div class=\"elementor-column elementor-col-33 elementor-top-column elementor-element elementor-element-86b13f4\" data-id=\"86b13f4\" data-element_type=\"column\">\n\t\t\t<div class=\"elementor-widget-wrap elementor-element-populated\">\n\t\t\t\t\t\t<div class=\"elementor-element elementor-element-95f3e21 elementor-widget elementor-widget-image\" data-id=\"95f3e21\" data-element_type=\"widget\" data-widget_type=\"image.default\">\n\t\t\t\t<div class=\"elementor-widget-container\">\n\t\t\t\t\t\t\t\t\t\t\t\t\t\t\t\t<a href=\"https:\/\/www.fourfromdown.com\/index.php\/termine\/\">\n\t\t\t\t\t\t\t<img decoding=\"async\" width=\"1024\" height=\"682\" data-src=\"https:\/\/www.fourfromdown.com\/wp-content\/uploads\/2021\/03\/concert-crowd-audience-768722.jpg\" class=\"attachment-large size-large wp-image-1080 lazyload\" alt=\"live konzert fans\" src=\"data:image\/svg+xml;base64,PHN2ZyB3aWR0aD0iMSIgaGVpZ2h0PSIxIiB4bWxucz0iaHR0cDovL3d3dy53My5vcmcvMjAwMC9zdmciPjwvc3ZnPg==\" style=\"--smush-placeholder-width: 1024px; --smush-placeholder-aspect-ratio: 1024\/682;\" \/>\t\t\t\t\t\t\t\t<\/a>\n\t\t\t\t\t\t\t\t\t\t\t\t\t\t\t<\/div>\n\t\t\t\t<\/div>\n\t\t\t\t\t<\/div>\n\t\t<\/div>\n\t\t\t\t<div class=\"elementor-column elementor-col-33 elementor-top-column elementor-element elementor-element-4e56666\" data-id=\"4e56666\" data-element_type=\"column\">\n\t\t\t<div class=\"elementor-widget-wrap elementor-element-populated\">\n\t\t\t\t\t\t<div class=\"elementor-element elementor-element-22d7da5 elementor-widget elementor-widget-image\" data-id=\"22d7da5\" data-element_type=\"widget\" data-widget_type=\"image.default\">\n\t\t\t\t<div class=\"elementor-widget-container\">\n\t\t\t\t\t\t\t\t\t\t\t\t\t\t\t\t<a href=\"https:\/\/www.fourfromdown.com\/index.php\/musikwuensche\/\">\n\t\t\t\t\t\t\t<img decoding=\"async\" width=\"1024\" height=\"682\" data-src=\"https:\/\/www.fourfromdown.com\/wp-content\/uploads\/2021\/02\/StockSnap_KDAPLBMD4J.jpg\" class=\"attachment-large size-large wp-image-687 lazyload\" alt=\"\" src=\"data:image\/svg+xml;base64,PHN2ZyB3aWR0aD0iMSIgaGVpZ2h0PSIxIiB4bWxucz0iaHR0cDovL3d3dy53My5vcmcvMjAwMC9zdmciPjwvc3ZnPg==\" style=\"--smush-placeholder-width: 1024px; --smush-placeholder-aspect-ratio: 1024\/682;\" \/>\t\t\t\t\t\t\t\t<\/a>\n\t\t\t\t\t\t\t\t\t\t\t\t\t\t\t<\/div>\n\t\t\t\t<\/div>\n\t\t\t\t\t<\/div>\n\t\t<\/div>\n\t\t\t\t<div class=\"elementor-column elementor-col-33 elementor-top-column elementor-element elementor-element-abe760c\" data-id=\"abe760c\" data-element_type=\"column\">\n\t\t\t<div class=\"elementor-widget-wrap elementor-element-populated\">\n\t\t\t\t\t\t<div class=\"elementor-element elementor-element-6d0bc05 elementor-widget elementor-widget-image\" data-id=\"6d0bc05\" data-element_type=\"widget\" data-widget_type=\"image.default\">\n\t\t\t\t<div class=\"elementor-widget-container\">\n\t\t\t\t\t\t\t\t\t\t\t\t\t\t\t\t<a href=\"https:\/\/www.fourfromdown.com\/index.php\/kontakt-infos-2\/\">\n\t\t\t\t\t\t\t<img decoding=\"async\" width=\"1024\" height=\"647\" data-src=\"https:\/\/www.fourfromdown.com\/wp-content\/uploads\/2021\/03\/mailbox-post-mail-595854.jpg\" class=\"attachment-large size-large wp-image-1101 lazyload\" alt=\"mailbox, post, mail\" src=\"data:image\/svg+xml;base64,PHN2ZyB3aWR0aD0iMSIgaGVpZ2h0PSIxIiB4bWxucz0iaHR0cDovL3d3dy53My5vcmcvMjAwMC9zdmciPjwvc3ZnPg==\" style=\"--smush-placeholder-width: 1024px; --smush-placeholder-aspect-ratio: 1024\/647;\" \/>\t\t\t\t\t\t\t\t<\/a>\n\t\t\t\t\t\t\t\t\t\t\t\t\t\t\t<\/div>\n\t\t\t\t<\/div>\n\t\t\t\t\t<\/div>\n\t\t<\/div>\n\t\t\t\t\t<\/div>\n\t\t<\/section>\n\t\t\t\t<section class=\"elementor-section elementor-top-section elementor-element elementor-element-052d550 elementor-section-boxed elementor-section-height-default elementor-section-height-default\" data-id=\"052d550\" data-element_type=\"section\">\n\t\t\t\t\t\t<div class=\"elementor-container elementor-column-gap-default\">\n\t\t\t\t\t<div class=\"elementor-column elementor-col-33 elementor-top-column elementor-element elementor-element-599bb56\" data-id=\"599bb56\" data-element_type=\"column\">\n\t\t\t<div class=\"elementor-widget-wrap elementor-element-populated\">\n\t\t\t\t\t\t<div class=\"elementor-element elementor-element-8e7e521 elementor-widget elementor-widget-heading\" data-id=\"8e7e521\" data-element_type=\"widget\" data-widget_type=\"heading.default\">\n\t\t\t\t<div class=\"elementor-widget-container\">\n\t\t\t\t\t<h3 class=\"elementor-heading-title elementor-size-default\"><a href=\"https:\/\/www.fourfromdown.com\/index.php\/termine\/\">Termine<\/a><\/h3>\t\t\t\t<\/div>\n\t\t\t\t<\/div>\n\t\t\t\t\t<\/div>\n\t\t<\/div>\n\t\t\t\t<div class=\"elementor-column elementor-col-33 elementor-top-column elementor-element elementor-element-b5fadbd\" data-id=\"b5fadbd\" data-element_type=\"column\">\n\t\t\t<div class=\"elementor-widget-wrap elementor-element-populated\">\n\t\t\t\t\t\t<div class=\"elementor-element elementor-element-fa06f10 elementor-widget elementor-widget-heading\" data-id=\"fa06f10\" data-element_type=\"widget\" data-widget_type=\"heading.default\">\n\t\t\t\t<div class=\"elementor-widget-container\">\n\t\t\t\t\t<h3 class=\"elementor-heading-title elementor-size-default\"><a href=\"https:\/\/www.fourfromdown.com\/index.php\/musikwuensche\/\">Musikw\u00fcnsche<\/a><\/h3>\t\t\t\t<\/div>\n\t\t\t\t<\/div>\n\t\t\t\t\t<\/div>\n\t\t<\/div>\n\t\t\t\t<div class=\"elementor-column elementor-col-33 elementor-top-column elementor-element elementor-element-6804cf0\" data-id=\"6804cf0\" data-element_type=\"column\">\n\t\t\t<div class=\"elementor-widget-wrap elementor-element-populated\">\n\t\t\t\t\t\t<div class=\"elementor-element elementor-element-012f51a elementor-widget elementor-widget-heading\" data-id=\"012f51a\" data-element_type=\"widget\" data-widget_type=\"heading.default\">\n\t\t\t\t<div class=\"elementor-widget-container\">\n\t\t\t\t\t<h3 class=\"elementor-heading-title elementor-size-default\"><a href=\"https:\/\/www.fourfromdown.com\/index.php\/kontakt-infos-2\/\">Kontakt<\/a><\/h3>\t\t\t\t<\/div>\n\t\t\t\t<\/div>\n\t\t\t\t\t<\/div>\n\t\t<\/div>\n\t\t\t\t\t<\/div>\n\t\t<\/section>\n\t\t\t\t<section class=\"elementor-section elementor-top-section elementor-element elementor-element-7d8ff73 elementor-section-boxed elementor-section-height-default elementor-section-height-default\" data-id=\"7d8ff73\" data-element_type=\"section\">\n\t\t\t\t\t\t<div class=\"elementor-container elementor-column-gap-default\">\n\t\t\t\t\t<div class=\"elementor-column elementor-col-100 elementor-top-column elementor-element elementor-element-46724b8\" data-id=\"46724b8\" data-element_type=\"column\">\n\t\t\t<div class=\"elementor-widget-wrap elementor-element-populated\">\n\t\t\t\t\t\t<div class=\"elementor-element elementor-element-c0a074a elementor-widget elementor-widget-text-editor\" data-id=\"c0a074a\" data-element_type=\"widget\" data-widget_type=\"text-editor.default\">\n\t\t\t\t<div class=\"elementor-widget-container\">\n\t\t\t\t\t\t\t\t\t<blockquote>\n<h4 style=\"text-align: center;\"><span style=\"color: #993300;\"><em>&#8222;Lean into me, when you broke inside and lay your worries down.&#8220; &#8211; Milow<\/em><\/span><\/h4>\n<\/blockquote>\t\t\t\t\t\t\t\t<\/div>\n\t\t\t\t<\/div>\n\t\t\t\t\t<\/div>\n\t\t<\/div>\n\t\t\t\t\t<\/div>\n\t\t<\/section>\n\t\t\t\t<\/div>\n\t\t","protected":false},"excerpt":{"rendered":"<p>Vielen Dank f\u00fcr Eure Unterst\u00fctzung Seit \u00fcber zehn Jahre ziehen wir mit Four From Down und unseren Acoustic Songs &amp; Stories durch die Kneipen, Keller und Bierg\u00e4rten der Region. Spielen auf Events oder bei Festivals. In dieser Zeit hatten wir viele sch\u00f6ne Begegnungen und intensive Momente mit unserem Publikum. Bleiben wir in Kontakt und freuen [&hellip;]<\/p>\n","protected":false},"author":1,"featured_media":0,"parent":0,"menu_order":0,"comment_status":"closed","ping_status":"closed","template":"","meta":{"_uag_custom_page_level_css":"","site-sidebar-layout":"default","site-content-layout":"default","ast-site-content-layout":"default","site-content-style":"default","site-sidebar-style":"default","ast-global-header-display":"","ast-banner-title-visibility":"","ast-main-header-display":"","ast-hfb-above-header-display":"","ast-hfb-below-header-display":"","ast-hfb-mobile-header-display":"","site-post-title":"disabled","ast-breadcrumbs-content":"","ast-featured-img":"","footer-sml-layout":"","ast-disable-related-posts":"","theme-transparent-header-meta":"default","adv-header-id-meta":"","stick-header-meta":"","header-above-stick-meta":"","header-main-stick-meta":"","header-below-stick-meta":"","astra-migrate-meta-layouts":"default","ast-page-background-enabled":"default","ast-page-background-meta":{"desktop":{"background-color":"","background-image":"","background-repeat":"repeat","background-position":"center center","background-size":"auto","background-attachment":"scroll","background-type":"","background-media":"","overlay-type":"","overlay-color":"","overlay-opacity":"","overlay-gradient":""},"tablet":{"background-color":"","background-image":"","background-repeat":"repeat","background-position":"center center","background-size":"auto","background-attachment":"scroll","background-type":"","background-media":"","overlay-type":"","overlay-color":"","overlay-opacity":"","overlay-gradient":""},"mobile":{"background-color":"","background-image":"","background-repeat":"repeat","background-position":"center center","background-size":"auto","background-attachment":"scroll","background-type":"","background-media":"","overlay-type":"","overlay-color":"","overlay-opacity":"","overlay-gradient":""}},"ast-content-background-meta":{"desktop":{"background-color":"var(--ast-global-color-5)","background-image":"","background-repeat":"repeat","background-position":"center center","background-size":"auto","background-attachment":"scroll","background-type":"","background-media":"","overlay-type":"","overlay-color":"","overlay-opacity":"","overlay-gradient":""},"tablet":{"background-color":"var(--ast-global-color-5)","background-image":"","background-repeat":"repeat","background-position":"center center","background-size":"auto","background-attachment":"scroll","background-type":"","background-media":"","overlay-type":"","overlay-color":"","overlay-opacity":"","overlay-gradient":""},"mobile":{"background-color":"var(--ast-global-color-5)","background-image":"","background-repeat":"repeat","background-position":"center center","background-size":"auto","background-attachment":"scroll","background-type":"","background-media":"","overlay-type":"","overlay-color":"","overlay-opacity":"","overlay-gradient":""}},"footnotes":""},"class_list":["post-1074","page","type-page","status-publish","hentry"],"yoast_head":"<!-- This site is optimized with the Yoast SEO plugin v27.3 - https:\/\/yoast.com\/product\/yoast-seo-wordpress\/ -->\n<title>Four From Down I Acoustic Songs &amp; Stories I Termine und Presseschau<\/title>\n<meta name=\"description\" content=\"Four From Down begeistern ihr Live-Publikum mit hangemachter Musik wie bei MTV-Unplugged. Jetzt: Konzerttermine in der Region. Kommt vorbei!\" \/>\n<meta name=\"robots\" content=\"index, follow, max-snippet:-1, max-image-preview:large, max-video-preview:-1\" \/>\n<link rel=\"canonical\" href=\"https:\/\/www.fourfromdown.com\/index.php\/fans\/\" \/>\n<meta property=\"og:locale\" content=\"de_DE\" \/>\n<meta property=\"og:type\" content=\"article\" \/>\n<meta property=\"og:title\" content=\"Four From Down I Acoustic Songs &amp; Stories I Termine und Presseschau\" \/>\n<meta property=\"og:description\" content=\"Four From Down begeistern ihr Live-Publikum mit hangemachter Musik wie bei MTV-Unplugged. Jetzt: Konzerttermine in der Region. Kommt vorbei!\" \/>\n<meta property=\"og:url\" content=\"https:\/\/www.fourfromdown.com\/index.php\/fans\/\" \/>\n<meta property=\"og:site_name\" content=\"Four From Down\" \/>\n<meta property=\"article:publisher\" content=\"https:\/\/www.facebook.com\/fourfromdown\" \/>\n<meta property=\"article:modified_time\" content=\"2021-06-08T22:50:56+00:00\" \/>\n<meta property=\"og:image\" content=\"http:\/\/www.fourfromdown.com\/wp-content\/uploads\/2021\/03\/2.png\" \/>\n<meta name=\"twitter:card\" content=\"summary_large_image\" \/>\n<meta name=\"twitter:label1\" content=\"Gesch\u00e4tzte Lesezeit\" \/>\n\t<meta name=\"twitter:data1\" content=\"2\u00a0Minuten\" \/>\n<script type=\"application\/ld+json\" class=\"yoast-schema-graph\">{\"@context\":\"https:\\\/\\\/schema.org\",\"@graph\":[{\"@type\":\"WebPage\",\"@id\":\"https:\\\/\\\/www.fourfromdown.com\\\/index.php\\\/fans\\\/\",\"url\":\"https:\\\/\\\/www.fourfromdown.com\\\/index.php\\\/fans\\\/\",\"name\":\"Four From Down I Acoustic Songs & Stories I Termine und Presseschau\",\"isPartOf\":{\"@id\":\"https:\\\/\\\/www.fourfromdown.com\\\/#website\"},\"primaryImageOfPage\":{\"@id\":\"https:\\\/\\\/www.fourfromdown.com\\\/index.php\\\/fans\\\/#primaryimage\"},\"image\":{\"@id\":\"https:\\\/\\\/www.fourfromdown.com\\\/index.php\\\/fans\\\/#primaryimage\"},\"thumbnailUrl\":\"http:\\\/\\\/www.fourfromdown.com\\\/wp-content\\\/uploads\\\/2021\\\/03\\\/2.png\",\"datePublished\":\"2021-03-03T14:44:08+00:00\",\"dateModified\":\"2021-06-08T22:50:56+00:00\",\"description\":\"Four From Down begeistern ihr Live-Publikum mit hangemachter Musik wie bei MTV-Unplugged. Jetzt: Konzerttermine in der Region. Kommt vorbei!\",\"breadcrumb\":{\"@id\":\"https:\\\/\\\/www.fourfromdown.com\\\/index.php\\\/fans\\\/#breadcrumb\"},\"inLanguage\":\"de\",\"potentialAction\":[{\"@type\":\"ReadAction\",\"target\":[\"https:\\\/\\\/www.fourfromdown.com\\\/index.php\\\/fans\\\/\"]}]},{\"@type\":\"ImageObject\",\"inLanguage\":\"de\",\"@id\":\"https:\\\/\\\/www.fourfromdown.com\\\/index.php\\\/fans\\\/#primaryimage\",\"url\":\"http:\\\/\\\/www.fourfromdown.com\\\/wp-content\\\/uploads\\\/2021\\\/03\\\/2.png\",\"contentUrl\":\"http:\\\/\\\/www.fourfromdown.com\\\/wp-content\\\/uploads\\\/2021\\\/03\\\/2.png\"},{\"@type\":\"BreadcrumbList\",\"@id\":\"https:\\\/\\\/www.fourfromdown.com\\\/index.php\\\/fans\\\/#breadcrumb\",\"itemListElement\":[{\"@type\":\"ListItem\",\"position\":1,\"name\":\"Startseite\",\"item\":\"https:\\\/\\\/www.fourfromdown.com\\\/\"},{\"@type\":\"ListItem\",\"position\":2,\"name\":\"Fans &#038; Friends\"}]},{\"@type\":\"WebSite\",\"@id\":\"https:\\\/\\\/www.fourfromdown.com\\\/#website\",\"url\":\"https:\\\/\\\/www.fourfromdown.com\\\/\",\"name\":\"Four From Down\",\"description\":\"Acoustic songs and stories\",\"publisher\":{\"@id\":\"https:\\\/\\\/www.fourfromdown.com\\\/#organization\"},\"potentialAction\":[{\"@type\":\"SearchAction\",\"target\":{\"@type\":\"EntryPoint\",\"urlTemplate\":\"https:\\\/\\\/www.fourfromdown.com\\\/?s={search_term_string}\"},\"query-input\":{\"@type\":\"PropertyValueSpecification\",\"valueRequired\":true,\"valueName\":\"search_term_string\"}}],\"inLanguage\":\"de\"},{\"@type\":\"Organization\",\"@id\":\"https:\\\/\\\/www.fourfromdown.com\\\/#organization\",\"name\":\"Four from Down\",\"url\":\"https:\\\/\\\/www.fourfromdown.com\\\/\",\"logo\":{\"@type\":\"ImageObject\",\"inLanguage\":\"de\",\"@id\":\"https:\\\/\\\/www.fourfromdown.com\\\/#\\\/schema\\\/logo\\\/image\\\/\",\"url\":\"http:\\\/\\\/www.fourfromdown.com\\\/wp-content\\\/uploads\\\/2021\\\/02\\\/Grau-frei.png\",\"contentUrl\":\"http:\\\/\\\/www.fourfromdown.com\\\/wp-content\\\/uploads\\\/2021\\\/02\\\/Grau-frei.png\",\"width\":203,\"height\":311,\"caption\":\"Four from Down\"},\"image\":{\"@id\":\"https:\\\/\\\/www.fourfromdown.com\\\/#\\\/schema\\\/logo\\\/image\\\/\"},\"sameAs\":[\"https:\\\/\\\/www.facebook.com\\\/fourfromdown\"]}]}<\/script>\n<!-- \/ Yoast SEO plugin. -->","yoast_head_json":{"title":"Four From Down I Acoustic Songs & Stories I Termine und Presseschau","description":"Four From Down begeistern ihr Live-Publikum mit hangemachter Musik wie bei MTV-Unplugged. Jetzt: Konzerttermine in der Region. Kommt vorbei!","robots":{"index":"index","follow":"follow","max-snippet":"max-snippet:-1","max-image-preview":"max-image-preview:large","max-video-preview":"max-video-preview:-1"},"canonical":"https:\/\/www.fourfromdown.com\/index.php\/fans\/","og_locale":"de_DE","og_type":"article","og_title":"Four From Down I Acoustic Songs & Stories I Termine und Presseschau","og_description":"Four From Down begeistern ihr Live-Publikum mit hangemachter Musik wie bei MTV-Unplugged. Jetzt: Konzerttermine in der Region. Kommt vorbei!","og_url":"https:\/\/www.fourfromdown.com\/index.php\/fans\/","og_site_name":"Four From Down","article_publisher":"https:\/\/www.facebook.com\/fourfromdown","article_modified_time":"2021-06-08T22:50:56+00:00","og_image":[{"url":"http:\/\/www.fourfromdown.com\/wp-content\/uploads\/2021\/03\/2.png","type":"","width":"","height":""}],"twitter_card":"summary_large_image","twitter_misc":{"Gesch\u00e4tzte Lesezeit":"2\u00a0Minuten"},"schema":{"@context":"https:\/\/schema.org","@graph":[{"@type":"WebPage","@id":"https:\/\/www.fourfromdown.com\/index.php\/fans\/","url":"https:\/\/www.fourfromdown.com\/index.php\/fans\/","name":"Four From Down I Acoustic Songs & Stories I Termine und Presseschau","isPartOf":{"@id":"https:\/\/www.fourfromdown.com\/#website"},"primaryImageOfPage":{"@id":"https:\/\/www.fourfromdown.com\/index.php\/fans\/#primaryimage"},"image":{"@id":"https:\/\/www.fourfromdown.com\/index.php\/fans\/#primaryimage"},"thumbnailUrl":"http:\/\/www.fourfromdown.com\/wp-content\/uploads\/2021\/03\/2.png","datePublished":"2021-03-03T14:44:08+00:00","dateModified":"2021-06-08T22:50:56+00:00","description":"Four From Down begeistern ihr Live-Publikum mit hangemachter Musik wie bei MTV-Unplugged. Jetzt: Konzerttermine in der Region. Kommt vorbei!","breadcrumb":{"@id":"https:\/\/www.fourfromdown.com\/index.php\/fans\/#breadcrumb"},"inLanguage":"de","potentialAction":[{"@type":"ReadAction","target":["https:\/\/www.fourfromdown.com\/index.php\/fans\/"]}]},{"@type":"ImageObject","inLanguage":"de","@id":"https:\/\/www.fourfromdown.com\/index.php\/fans\/#primaryimage","url":"http:\/\/www.fourfromdown.com\/wp-content\/uploads\/2021\/03\/2.png","contentUrl":"http:\/\/www.fourfromdown.com\/wp-content\/uploads\/2021\/03\/2.png"},{"@type":"BreadcrumbList","@id":"https:\/\/www.fourfromdown.com\/index.php\/fans\/#breadcrumb","itemListElement":[{"@type":"ListItem","position":1,"name":"Startseite","item":"https:\/\/www.fourfromdown.com\/"},{"@type":"ListItem","position":2,"name":"Fans &#038; Friends"}]},{"@type":"WebSite","@id":"https:\/\/www.fourfromdown.com\/#website","url":"https:\/\/www.fourfromdown.com\/","name":"Four From Down","description":"Acoustic songs and stories","publisher":{"@id":"https:\/\/www.fourfromdown.com\/#organization"},"potentialAction":[{"@type":"SearchAction","target":{"@type":"EntryPoint","urlTemplate":"https:\/\/www.fourfromdown.com\/?s={search_term_string}"},"query-input":{"@type":"PropertyValueSpecification","valueRequired":true,"valueName":"search_term_string"}}],"inLanguage":"de"},{"@type":"Organization","@id":"https:\/\/www.fourfromdown.com\/#organization","name":"Four from Down","url":"https:\/\/www.fourfromdown.com\/","logo":{"@type":"ImageObject","inLanguage":"de","@id":"https:\/\/www.fourfromdown.com\/#\/schema\/logo\/image\/","url":"http:\/\/www.fourfromdown.com\/wp-content\/uploads\/2021\/02\/Grau-frei.png","contentUrl":"http:\/\/www.fourfromdown.com\/wp-content\/uploads\/2021\/02\/Grau-frei.png","width":203,"height":311,"caption":"Four from Down"},"image":{"@id":"https:\/\/www.fourfromdown.com\/#\/schema\/logo\/image\/"},"sameAs":["https:\/\/www.facebook.com\/fourfromdown"]}]}},"uagb_featured_image_src":{"full":false,"thumbnail":false,"medium":false,"medium_large":false,"large":false,"1536x1536":false,"2048x2048":false},"uagb_author_info":{"display_name":"Andreas","author_link":"https:\/\/www.fourfromdown.com\/index.php\/author\/andreas\/"},"uagb_comment_info":0,"uagb_excerpt":"Vielen Dank f\u00fcr Eure Unterst\u00fctzung Seit \u00fcber zehn Jahre ziehen wir mit Four From Down und unseren Acoustic Songs &amp; Stories durch die Kneipen, Keller und Bierg\u00e4rten der Region. Spielen auf Events oder bei Festivals. In dieser Zeit hatten wir viele sch\u00f6ne Begegnungen und intensive Momente mit unserem Publikum. Bleiben wir in Kontakt und freuen&hellip;","_links":{"self":[{"href":"https:\/\/www.fourfromdown.com\/index.php\/wp-json\/wp\/v2\/pages\/1074","targetHints":{"allow":["GET"]}}],"collection":[{"href":"https:\/\/www.fourfromdown.com\/index.php\/wp-json\/wp\/v2\/pages"}],"about":[{"href":"https:\/\/www.fourfromdown.com\/index.php\/wp-json\/wp\/v2\/types\/page"}],"author":[{"embeddable":true,"href":"https:\/\/www.fourfromdown.com\/index.php\/wp-json\/wp\/v2\/users\/1"}],"replies":[{"embeddable":true,"href":"https:\/\/www.fourfromdown.com\/index.php\/wp-json\/wp\/v2\/comments?post=1074"}],"version-history":[{"count":25,"href":"https:\/\/www.fourfromdown.com\/index.php\/wp-json\/wp\/v2\/pages\/1074\/revisions"}],"predecessor-version":[{"id":1624,"href":"https:\/\/www.fourfromdown.com\/index.php\/wp-json\/wp\/v2\/pages\/1074\/revisions\/1624"}],"wp:attachment":[{"href":"https:\/\/www.fourfromdown.com\/index.php\/wp-json\/wp\/v2\/media?parent=1074"}],"curies":[{"name":"wp","href":"https:\/\/api.w.org\/{rel}","templated":true}]}}